{"id":25961,"date":"2026-03-18T15:24:53","date_gmt":"2026-03-18T14:24:53","guid":{"rendered":"https:\/\/skeeneffect.sk\/?post_type=product&#038;p=25961"},"modified":"2026-04-01T14:13:20","modified_gmt":"2026-04-01T12:13:20","slug":"synovialis-combo-pack","status":"publish","type":"product","link":"https:\/\/skeeneffect.sk\/en\/product\/synovialis-combo-pack\/","title":{"rendered":"Synovialils active combo"},"content":{"rendered":"<div data-elementor-type=\"product-post\" data-elementor-id=\"25961\" class=\"elementor elementor-25961\">\n\t\t\t\t<div class=\"elementor-element elementor-element-32e302b e-flex e-con-boxed wd-section-disabled e-con e-parent\" data-id=\"32e302b\" data-element_type=\"container\" data-settings=\"{&quot;_ob_use_container_extras&quot;:&quot;no&quot;,&quot;_ob_column_hoveranimator&quot;:&quot;no&quot;,&quot;_ob_glider_is_slider&quot;:&quot;no&quot;,&quot;_ob_column_has_pseudo&quot;:&quot;no&quot;}\">\n\t\t\t\t\t<div class=\"e-con-inner\">\n\t\t\t\t<div class=\"elementor-element elementor-element-78b1d4a ob-has-background-overlay elementor-widget elementor-widget-wd_text_block\" data-id=\"78b1d4a\" data-element_type=\"widget\" data-settings=\"{&quot;_ob_widget_stalker_use&quot;:&quot;no&quot;,&quot;_ob_poopart_use&quot;:&quot;yes&quot;,&quot;_ob_shadough_use&quot;:&quot;no&quot;,&quot;_ob_allow_hoveranimator&quot;:&quot;no&quot;}\" data-widget_type=\"wd_text_block.default\">\n\t\t\t\t<div class=\"elementor-widget-container\">\n\t\t\t\t\t<div class=\"wd-text-block reset-last-child text-left\">\n\t\t\t\n\t\t\t<p>ffffLorem ipsum dolor sit amet, consectetur adipiscing elit. Ut elit tellus, luctus nec ullamcorper mattis, pulvinar dapibus leo.<\/p>\n\t\t\t\t\t<\/div>\n\t\t\t\t<\/div>\n\t\t\t\t<\/div>\n\t\t\t\t\t<\/div>\n\t\t\t\t<\/div>\n\t\t\t\t<\/div>","protected":false},"excerpt":{"rendered":"<p><strong>SYNOVIALIS ACTIVE 18+Y &#8211; Pr\u00e9miov\u00e1 k\u013abov\u00e1 v\u00fd\u017eiva pre akt\u00edvny \u017eivot. <\/strong><strong>Pohyb bez bolesti. Regener\u00e1cia bez kompromisov. <\/strong>Na\u0161a k\u013abov\u00e1 v\u00fd\u017eiva bola navrhnut\u00e1 pre \u013eud\u00ed, ktor\u00ed chc\u00fa zosta\u0165 akt\u00edvni v ka\u017edom veku \u2013 \u010di u\u017e \u0161portuj\u00fa, pracuj\u00fa fyzicky alebo si chc\u00fa uchova\u0165 pru\u017enos\u0165 a zdravie k\u013abov. Kombinujeme\u00a0<strong>najmodernej\u0161ie bioakt\u00edvne peptidy, pr\u00edrodn\u00e9 extrakty a miner\u00e1ly<\/strong>, ktor\u00e9 cielia na v\u0161etky hlavn\u00e9 faktory zdravia k\u013abov:\u00a0<strong>v\u00fd\u017eivu chrupaviek, mazanie k\u013abov, regener\u00e1ciu tkan\u00edv a zn\u00ed\u017eenie z\u00e1palu<\/strong>.<\/p>\n<p data-start=\"571\" data-end=\"746\"><strong>SYNOVIALIS ACTIVE KIDS 10+Y<\/strong> &#8211; <strong>Pr\u00e9miov\u00e1 k\u013abov\u00e1 v\u00fd\u017eiva pre podporu k\u013abov\u00e9ho a kostn\u00e9ho zdravia det\u00ed. Komplex pre k\u013aby a rast.\u00a0<\/strong>Prv\u00e1 komplexn\u00e1 detsk\u00e1 k\u013abov\u00e1 v\u00fd\u017eiva novej gener\u00e1cie \u2013 <strong>pre akt\u00edvne deti<\/strong> a mlad\u00fdch \u0161portovcov, zalo\u017een\u00e1 na klinicky overen\u00fdch patentovan\u00fdch ingredienci\u00e1ch, bez cukru a zbyto\u010dn\u00fdch pr\u00edsad.<\/p>","protected":false},"featured_media":25995,"comment_status":"open","ping_status":"closed","template":"","meta":[],"product_brand":[],"product_cat":[188,190],"product_tag":[201],"class_list":{"0":"post-25961","1":"product","2":"type-product","3":"status-publish","4":"has-post-thumbnail","6":"product_cat-synovialis-active-18-y","7":"product_cat-synovialis-active-kids-10y","8":"product_tag-synovialils-active-combo","10":"first","11":"instock","12":"sale","13":"taxable","14":"shipping-taxable","15":"purchasable","16":"product-type-simple"},"yoast_head":"<!-- This site is optimized with the Yoast SEO plugin v27.3 - https:\/\/yoast.com\/product\/yoast-seo-wordpress\/ -->\n<title>Synovialils active combo<\/title>\n<meta name=\"description\" content=\"Pr\u00e9miov\u00e1 k\u013abov\u00e1 v\u00fd\u017eiva pre akt\u00edvny \u017eivot. Pohyb bez bolesti. Regener\u00e1cia bez kompromisov.\" \/>\n<meta name=\"robots\" content=\"index, follow, max-snippet:-1, max-image-preview:large, max-video-preview:-1\" \/>\n<link rel=\"canonical\" href=\"https:\/\/skeeneffect.sk\/en\/product\/synovialis-combo-pack\/\" \/>\n<meta property=\"og:locale\" content=\"en_GB\" \/>\n<meta property=\"og:type\" content=\"article\" \/>\n<meta property=\"og:title\" content=\"Synovialils active combo\" \/>\n<meta property=\"og:description\" content=\"Pr\u00e9miov\u00e1 k\u013abov\u00e1 v\u00fd\u017eiva pre akt\u00edvny \u017eivot. Pohyb bez bolesti. Regener\u00e1cia bez kompromisov.\" \/>\n<meta property=\"og:url\" content=\"https:\/\/skeeneffect.sk\/en\/product\/synovialis-combo-pack\/\" \/>\n<meta property=\"og:site_name\" content=\"Skeeneffect\" \/>\n<meta property=\"article:publisher\" content=\"https:\/\/www.facebook.com\/skeeneffect\" \/>\n<meta property=\"article:modified_time\" content=\"2026-04-01T12:13:20+00:00\" \/>\n<meta property=\"og:image\" content=\"https:\/\/skeeneffect.sk\/wp-content\/uploads\/2026\/03\/Synovialis_Combo-1.png\" \/>\n\t<meta property=\"og:image:width\" content=\"849\" \/>\n\t<meta property=\"og:image:height\" content=\"849\" \/>\n\t<meta property=\"og:image:type\" content=\"image\/png\" \/>\n<meta name=\"twitter:card\" content=\"summary_large_image\" \/>\n<meta name=\"twitter:label1\" content=\"Estimated reading time\" \/>\n\t<meta name=\"twitter:data1\" content=\"1 minute\" \/>\n<script type=\"application\/ld+json\" class=\"yoast-schema-graph\">{\"@context\":\"https:\\\/\\\/schema.org\",\"@graph\":[{\"@type\":\"WebPage\",\"@id\":\"https:\\\/\\\/skeeneffect.sk\\\/produkt\\\/synovialis-combo-pack\\\/\",\"url\":\"https:\\\/\\\/skeeneffect.sk\\\/produkt\\\/synovialis-combo-pack\\\/\",\"name\":\"Synovialils active combo\",\"isPartOf\":{\"@id\":\"https:\\\/\\\/skeeneffect.sk\\\/#website\"},\"primaryImageOfPage\":{\"@id\":\"https:\\\/\\\/skeeneffect.sk\\\/produkt\\\/synovialis-combo-pack\\\/#primaryimage\"},\"image\":{\"@id\":\"https:\\\/\\\/skeeneffect.sk\\\/produkt\\\/synovialis-combo-pack\\\/#primaryimage\"},\"thumbnailUrl\":\"https:\\\/\\\/skeeneffect.sk\\\/wp-content\\\/uploads\\\/2026\\\/03\\\/Synovialis_Combo-1.png\",\"datePublished\":\"2026-03-18T14:24:53+00:00\",\"dateModified\":\"2026-04-01T12:13:20+00:00\",\"description\":\"Pr\u00e9miov\u00e1 k\u013abov\u00e1 v\u00fd\u017eiva pre akt\u00edvny \u017eivot. Pohyb bez bolesti. Regener\u00e1cia bez kompromisov.\",\"breadcrumb\":{\"@id\":\"https:\\\/\\\/skeeneffect.sk\\\/produkt\\\/synovialis-combo-pack\\\/#breadcrumb\"},\"inLanguage\":\"en-GB\",\"potentialAction\":[{\"@type\":\"ReadAction\",\"target\":[\"https:\\\/\\\/skeeneffect.sk\\\/produkt\\\/synovialis-combo-pack\\\/\"]}]},{\"@type\":\"ImageObject\",\"inLanguage\":\"en-GB\",\"@id\":\"https:\\\/\\\/skeeneffect.sk\\\/produkt\\\/synovialis-combo-pack\\\/#primaryimage\",\"url\":\"https:\\\/\\\/skeeneffect.sk\\\/wp-content\\\/uploads\\\/2026\\\/03\\\/Synovialis_Combo-1.png\",\"contentUrl\":\"https:\\\/\\\/skeeneffect.sk\\\/wp-content\\\/uploads\\\/2026\\\/03\\\/Synovialis_Combo-1.png\",\"width\":849,\"height\":849},{\"@type\":\"BreadcrumbList\",\"@id\":\"https:\\\/\\\/skeeneffect.sk\\\/produkt\\\/synovialis-combo-pack\\\/#breadcrumb\",\"itemListElement\":[{\"@type\":\"ListItem\",\"position\":1,\"name\":\"Home\",\"item\":\"https:\\\/\\\/skeeneffect.sk\\\/\"},{\"@type\":\"ListItem\",\"position\":2,\"name\":\"Shop\",\"item\":\"https:\\\/\\\/skeeneffect.sk\\\/shop\\\/\"},{\"@type\":\"ListItem\",\"position\":3,\"name\":\"Synovialils active combo\"}]},{\"@type\":\"WebSite\",\"@id\":\"https:\\\/\\\/skeeneffect.sk\\\/#website\",\"url\":\"https:\\\/\\\/skeeneffect.sk\\\/\",\"name\":\"Skeeneffect\",\"description\":\"Mlados\u0165 nikdy nekon\u010d\u00ed !\",\"publisher\":{\"@id\":\"https:\\\/\\\/skeeneffect.sk\\\/#organization\"},\"potentialAction\":[{\"@type\":\"SearchAction\",\"target\":{\"@type\":\"EntryPoint\",\"urlTemplate\":\"https:\\\/\\\/skeeneffect.sk\\\/?s={search_term_string}\"},\"query-input\":{\"@type\":\"PropertyValueSpecification\",\"valueRequired\":true,\"valueName\":\"search_term_string\"}}],\"inLanguage\":\"en-GB\"},{\"@type\":\"Organization\",\"@id\":\"https:\\\/\\\/skeeneffect.sk\\\/#organization\",\"name\":\"Skeeneffect\",\"url\":\"https:\\\/\\\/skeeneffect.sk\\\/\",\"logo\":{\"@type\":\"ImageObject\",\"inLanguage\":\"en-GB\",\"@id\":\"https:\\\/\\\/skeeneffect.sk\\\/#\\\/schema\\\/logo\\\/image\\\/\",\"url\":\"https:\\\/\\\/skeeneffect.sk\\\/wp-content\\\/uploads\\\/2023\\\/09\\\/Skeeneffect-favicon.png\",\"contentUrl\":\"https:\\\/\\\/skeeneffect.sk\\\/wp-content\\\/uploads\\\/2023\\\/09\\\/Skeeneffect-favicon.png\",\"width\":1000,\"height\":1000,\"caption\":\"Skeeneffect\"},\"image\":{\"@id\":\"https:\\\/\\\/skeeneffect.sk\\\/#\\\/schema\\\/logo\\\/image\\\/\"},\"sameAs\":[\"https:\\\/\\\/www.facebook.com\\\/skeeneffect\",\"https:\\\/\\\/www.instagram.com\\\/skeeneffect\\\/\"]}]}<\/script>\n<!-- \/ Yoast SEO plugin. -->","yoast_head_json":{"title":"Synovialils active combo","description":"Pr\u00e9miov\u00e1 k\u013abov\u00e1 v\u00fd\u017eiva pre akt\u00edvny \u017eivot. Pohyb bez bolesti. Regener\u00e1cia bez kompromisov.","robots":{"index":"index","follow":"follow","max-snippet":"max-snippet:-1","max-image-preview":"max-image-preview:large","max-video-preview":"max-video-preview:-1"},"canonical":"https:\/\/skeeneffect.sk\/en\/product\/synovialis-combo-pack\/","og_locale":"en_GB","og_type":"article","og_title":"Synovialils active combo","og_description":"Pr\u00e9miov\u00e1 k\u013abov\u00e1 v\u00fd\u017eiva pre akt\u00edvny \u017eivot. Pohyb bez bolesti. Regener\u00e1cia bez kompromisov.","og_url":"https:\/\/skeeneffect.sk\/en\/product\/synovialis-combo-pack\/","og_site_name":"Skeeneffect","article_publisher":"https:\/\/www.facebook.com\/skeeneffect","article_modified_time":"2026-04-01T12:13:20+00:00","og_image":[{"width":849,"height":849,"url":"https:\/\/skeeneffect.sk\/wp-content\/uploads\/2026\/03\/Synovialis_Combo-1.png","type":"image\/png"}],"twitter_card":"summary_large_image","twitter_misc":{"Estimated reading time":"1 minute"},"schema":{"@context":"https:\/\/schema.org","@graph":[{"@type":"WebPage","@id":"https:\/\/skeeneffect.sk\/produkt\/synovialis-combo-pack\/","url":"https:\/\/skeeneffect.sk\/produkt\/synovialis-combo-pack\/","name":"Synovialils active combo","isPartOf":{"@id":"https:\/\/skeeneffect.sk\/#website"},"primaryImageOfPage":{"@id":"https:\/\/skeeneffect.sk\/produkt\/synovialis-combo-pack\/#primaryimage"},"image":{"@id":"https:\/\/skeeneffect.sk\/produkt\/synovialis-combo-pack\/#primaryimage"},"thumbnailUrl":"https:\/\/skeeneffect.sk\/wp-content\/uploads\/2026\/03\/Synovialis_Combo-1.png","datePublished":"2026-03-18T14:24:53+00:00","dateModified":"2026-04-01T12:13:20+00:00","description":"Pr\u00e9miov\u00e1 k\u013abov\u00e1 v\u00fd\u017eiva pre akt\u00edvny \u017eivot. Pohyb bez bolesti. Regener\u00e1cia bez kompromisov.","breadcrumb":{"@id":"https:\/\/skeeneffect.sk\/produkt\/synovialis-combo-pack\/#breadcrumb"},"inLanguage":"en-GB","potentialAction":[{"@type":"ReadAction","target":["https:\/\/skeeneffect.sk\/produkt\/synovialis-combo-pack\/"]}]},{"@type":"ImageObject","inLanguage":"en-GB","@id":"https:\/\/skeeneffect.sk\/produkt\/synovialis-combo-pack\/#primaryimage","url":"https:\/\/skeeneffect.sk\/wp-content\/uploads\/2026\/03\/Synovialis_Combo-1.png","contentUrl":"https:\/\/skeeneffect.sk\/wp-content\/uploads\/2026\/03\/Synovialis_Combo-1.png","width":849,"height":849},{"@type":"BreadcrumbList","@id":"https:\/\/skeeneffect.sk\/produkt\/synovialis-combo-pack\/#breadcrumb","itemListElement":[{"@type":"ListItem","position":1,"name":"Home","item":"https:\/\/skeeneffect.sk\/"},{"@type":"ListItem","position":2,"name":"Shop","item":"https:\/\/skeeneffect.sk\/shop\/"},{"@type":"ListItem","position":3,"name":"Synovialils active combo"}]},{"@type":"WebSite","@id":"https:\/\/skeeneffect.sk\/#website","url":"https:\/\/skeeneffect.sk\/","name":"Natural Metabolic Health","description":"Mlados\u0165 nikdy nekon\u010d\u00ed !","publisher":{"@id":"https:\/\/skeeneffect.sk\/#organization"},"potentialAction":[{"@type":"SearchAction","target":{"@type":"EntryPoint","urlTemplate":"https:\/\/skeeneffect.sk\/?s={search_term_string}"},"query-input":{"@type":"PropertyValueSpecification","valueRequired":true,"valueName":"search_term_string"}}],"inLanguage":"en-GB"},{"@type":"Organization","@id":"https:\/\/skeeneffect.sk\/#organization","name":"Natural Metabolic Health","url":"https:\/\/skeeneffect.sk\/","logo":{"@type":"ImageObject","inLanguage":"en-GB","@id":"https:\/\/skeeneffect.sk\/#\/schema\/logo\/image\/","url":"https:\/\/skeeneffect.sk\/wp-content\/uploads\/2023\/09\/Skeeneffect-favicon.png","contentUrl":"https:\/\/skeeneffect.sk\/wp-content\/uploads\/2023\/09\/Skeeneffect-favicon.png","width":1000,"height":1000,"caption":"Skeeneffect"},"image":{"@id":"https:\/\/skeeneffect.sk\/#\/schema\/logo\/image\/"},"sameAs":["https:\/\/www.facebook.com\/skeeneffect","https:\/\/www.instagram.com\/skeeneffect\/"]}]}},"_links":{"self":[{"href":"https:\/\/skeeneffect.sk\/en\/wp-json\/wp\/v2\/product\/25961","targetHints":{"allow":["GET"]}}],"collection":[{"href":"https:\/\/skeeneffect.sk\/en\/wp-json\/wp\/v2\/product"}],"about":[{"href":"https:\/\/skeeneffect.sk\/en\/wp-json\/wp\/v2\/types\/product"}],"replies":[{"embeddable":true,"href":"https:\/\/skeeneffect.sk\/en\/wp-json\/wp\/v2\/comments?post=25961"}],"version-history":[{"count":7,"href":"https:\/\/skeeneffect.sk\/en\/wp-json\/wp\/v2\/product\/25961\/revisions"}],"predecessor-version":[{"id":26103,"href":"https:\/\/skeeneffect.sk\/en\/wp-json\/wp\/v2\/product\/25961\/revisions\/26103"}],"wp:featuredmedia":[{"embeddable":true,"href":"https:\/\/skeeneffect.sk\/en\/wp-json\/wp\/v2\/media\/25995"}],"wp:attachment":[{"href":"https:\/\/skeeneffect.sk\/en\/wp-json\/wp\/v2\/media?parent=25961"}],"wp:term":[{"taxonomy":"product_brand","embeddable":true,"href":"https:\/\/skeeneffect.sk\/en\/wp-json\/wp\/v2\/product_brand?post=25961"},{"taxonomy":"product_cat","embeddable":true,"href":"https:\/\/skeeneffect.sk\/en\/wp-json\/wp\/v2\/product_cat?post=25961"},{"taxonomy":"product_tag","embeddable":true,"href":"https:\/\/skeeneffect.sk\/en\/wp-json\/wp\/v2\/product_tag?post=25961"}],"curies":[{"name":"wp","href":"https:\/\/api.w.org\/{rel}","templated":true}]}}