{"id":25229,"date":"2025-11-19T13:48:10","date_gmt":"2025-11-19T12:48:10","guid":{"rendered":"https:\/\/skeeneffect.sk\/?post_type=product&#038;p=25229"},"modified":"2026-04-08T14:40:30","modified_gmt":"2026-04-08T12:40:30","slug":"zdravy-metabolizmus-a-omladenie-pre-vysnenu-plet","status":"publish","type":"product","link":"https:\/\/skeeneffect.sk\/en\/product\/zdravy-metabolizmus-a-omladenie-pre-vysnenu-plet\/","title":{"rendered":"ZDRAV\u00dd METABOLIZMUS A OMLADENIE PRE VYSNEN\u00da PLE\u0164"},"content":{"rendered":"","protected":false},"excerpt":{"rendered":"<p data-start=\"336\" data-end=\"569\"><strong data-start=\"393\" data-end=\"404\">AGE LESS<\/strong> obsahuje inovativne molekuly a pr\u00edrodn\u00e9 extrakty, ktor\u00e9 posil\u0148uj\u00fa odolnos\u0165 organizmu vo\u010di oxida\u010dn\u00e9mu stresu a chr\u00e1nia poko\u017eku pred fotopo\u0161koden\u00edm. Podporuj\u00fa optim\u00e1lny obsah kolag\u00e9nu, br\u00e1nia fotostarnutiu a pom\u00e1haj\u00fa udr\u017ea\u0165 ple\u0165 pru\u017en\u00fa, \u017eiariv\u00fa a mladistv\u00fa na dlh\u00e9 roky.<\/p>\n<p data-start=\"571\" data-end=\"746\"><strong data-start=\"571\" data-end=\"599\">NATURAL METABOLIC HEALTH<\/strong> prirodzene podporuje spa\u013eovanie tukov, zni\u017euje chu\u0165 do jedla a zlep\u0161uje metabolick\u00fa rovnov\u00e1hu, aby ste sa c\u00edtili energickej\u0161ie a \u013eah\u0161ie ka\u017ed\u00fd de\u0148.<\/p>","protected":false},"featured_media":25235,"comment_status":"open","ping_status":"closed","template":"","meta":[],"product_brand":[],"product_cat":[77,187,142],"product_tag":[],"class_list":{"0":"post-25229","1":"product","2":"type-product","3":"status-publish","4":"has-post-thumbnail","6":"product_cat-ageless","7":"product_cat-longvity-friday","8":"product_cat-natural-metabolic-health","10":"first","11":"instock","12":"sale","13":"taxable","14":"shipping-taxable","15":"purchasable","16":"product-type-simple"},"yoast_head":"<!-- This site is optimized with the Yoast SEO plugin v27.3 - https:\/\/yoast.com\/product\/yoast-seo-wordpress\/ -->\n<title>ZDRAV\u00dd METABOLIZMUS A OMLADENIE PRE VYSNEN\u00da PLE\u0164 - Skeeneffect<\/title>\n<meta name=\"robots\" content=\"index, follow, max-snippet:-1, max-image-preview:large, max-video-preview:-1\" \/>\n<link rel=\"canonical\" href=\"https:\/\/skeeneffect.sk\/en\/product\/zdravy-metabolizmus-a-omladenie-pre-vysnenu-plet\/\" \/>\n<meta property=\"og:locale\" content=\"en_GB\" \/>\n<meta property=\"og:type\" content=\"article\" \/>\n<meta property=\"og:title\" content=\"ZDRAV\u00dd METABOLIZMUS A OMLADENIE PRE VYSNEN\u00da PLE\u0164 - Skeeneffect\" \/>\n<meta property=\"og:description\" content=\"AGE LESS obsahuje inovativne molekuly a pr\u00edrodn\u00e9 extrakty, ktor\u00e9 posil\u0148uj\u00fa odolnos\u0165 organizmu vo\u010di oxida\u010dn\u00e9mu stresu a chr\u00e1nia poko\u017eku pred fotopo\u0161koden\u00edm. Podporuj\u00fa optim\u00e1lny obsah kolag\u00e9nu, br\u00e1nia fotostarnutiu a pom\u00e1haj\u00fa udr\u017ea\u0165 ple\u0165 pru\u017en\u00fa, \u017eiariv\u00fa a mladistv\u00fa na dlh\u00e9 roky. NATURAL METABOLIC HEALTH prirodzene podporuje spa\u013eovanie tukov, zni\u017euje chu\u0165 do jedla a zlep\u0161uje metabolick\u00fa rovnov\u00e1hu, aby ste sa c\u00edtili energickej\u0161ie a \u013eah\u0161ie ka\u017ed\u00fd de\u0148.\" \/>\n<meta property=\"og:url\" content=\"https:\/\/skeeneffect.sk\/en\/product\/zdravy-metabolizmus-a-omladenie-pre-vysnenu-plet\/\" \/>\n<meta property=\"og:site_name\" content=\"Skeeneffect\" \/>\n<meta property=\"article:publisher\" content=\"https:\/\/www.facebook.com\/skeeneffect\" \/>\n<meta property=\"article:modified_time\" content=\"2026-04-08T12:40:30+00:00\" \/>\n<meta property=\"og:image\" content=\"https:\/\/skeeneffect.sk\/wp-content\/uploads\/2025\/11\/nhm-ageless.jpg\" \/>\n\t<meta property=\"og:image:width\" content=\"1080\" \/>\n\t<meta property=\"og:image:height\" content=\"1080\" \/>\n\t<meta property=\"og:image:type\" content=\"image\/jpeg\" \/>\n<meta name=\"twitter:card\" content=\"summary_large_image\" \/>\n<meta name=\"twitter:label1\" content=\"Estimated reading time\" \/>\n\t<meta name=\"twitter:data1\" content=\"1 minute\" \/>\n<script type=\"application\/ld+json\" class=\"yoast-schema-graph\">{\"@context\":\"https:\\\/\\\/schema.org\",\"@graph\":[{\"@type\":\"WebPage\",\"@id\":\"https:\\\/\\\/skeeneffect.sk\\\/produkt\\\/zdravy-metabolizmus-a-omladenie-pre-vysnenu-plet\\\/\",\"url\":\"https:\\\/\\\/skeeneffect.sk\\\/produkt\\\/zdravy-metabolizmus-a-omladenie-pre-vysnenu-plet\\\/\",\"name\":\"ZDRAV\u00dd METABOLIZMUS A OMLADENIE PRE VYSNEN\u00da PLE\u0164 - Skeeneffect\",\"isPartOf\":{\"@id\":\"https:\\\/\\\/skeeneffect.sk\\\/#website\"},\"primaryImageOfPage\":{\"@id\":\"https:\\\/\\\/skeeneffect.sk\\\/produkt\\\/zdravy-metabolizmus-a-omladenie-pre-vysnenu-plet\\\/#primaryimage\"},\"image\":{\"@id\":\"https:\\\/\\\/skeeneffect.sk\\\/produkt\\\/zdravy-metabolizmus-a-omladenie-pre-vysnenu-plet\\\/#primaryimage\"},\"thumbnailUrl\":\"https:\\\/\\\/skeeneffect.sk\\\/wp-content\\\/uploads\\\/2025\\\/11\\\/nhm-ageless.jpg\",\"datePublished\":\"2025-11-19T12:48:10+00:00\",\"dateModified\":\"2026-04-08T12:40:30+00:00\",\"breadcrumb\":{\"@id\":\"https:\\\/\\\/skeeneffect.sk\\\/produkt\\\/zdravy-metabolizmus-a-omladenie-pre-vysnenu-plet\\\/#breadcrumb\"},\"inLanguage\":\"en-GB\",\"potentialAction\":[{\"@type\":\"ReadAction\",\"target\":[\"https:\\\/\\\/skeeneffect.sk\\\/produkt\\\/zdravy-metabolizmus-a-omladenie-pre-vysnenu-plet\\\/\"]}]},{\"@type\":\"ImageObject\",\"inLanguage\":\"en-GB\",\"@id\":\"https:\\\/\\\/skeeneffect.sk\\\/produkt\\\/zdravy-metabolizmus-a-omladenie-pre-vysnenu-plet\\\/#primaryimage\",\"url\":\"https:\\\/\\\/skeeneffect.sk\\\/wp-content\\\/uploads\\\/2025\\\/11\\\/nhm-ageless.jpg\",\"contentUrl\":\"https:\\\/\\\/skeeneffect.sk\\\/wp-content\\\/uploads\\\/2025\\\/11\\\/nhm-ageless.jpg\",\"width\":1080,\"height\":1080},{\"@type\":\"BreadcrumbList\",\"@id\":\"https:\\\/\\\/skeeneffect.sk\\\/produkt\\\/zdravy-metabolizmus-a-omladenie-pre-vysnenu-plet\\\/#breadcrumb\",\"itemListElement\":[{\"@type\":\"ListItem\",\"position\":1,\"name\":\"Home\",\"item\":\"https:\\\/\\\/skeeneffect.sk\\\/\"},{\"@type\":\"ListItem\",\"position\":2,\"name\":\"Shop\",\"item\":\"https:\\\/\\\/skeeneffect.sk\\\/shop\\\/\"},{\"@type\":\"ListItem\",\"position\":3,\"name\":\"ZDRAV\u00dd METABOLIZMUS A OMLADENIE PRE VYSNEN\u00da PLE\u0164\"}]},{\"@type\":\"WebSite\",\"@id\":\"https:\\\/\\\/skeeneffect.sk\\\/#website\",\"url\":\"https:\\\/\\\/skeeneffect.sk\\\/\",\"name\":\"Skeeneffect\",\"description\":\"Mlados\u0165 nikdy nekon\u010d\u00ed !\",\"publisher\":{\"@id\":\"https:\\\/\\\/skeeneffect.sk\\\/#organization\"},\"potentialAction\":[{\"@type\":\"SearchAction\",\"target\":{\"@type\":\"EntryPoint\",\"urlTemplate\":\"https:\\\/\\\/skeeneffect.sk\\\/?s={search_term_string}\"},\"query-input\":{\"@type\":\"PropertyValueSpecification\",\"valueRequired\":true,\"valueName\":\"search_term_string\"}}],\"inLanguage\":\"en-GB\"},{\"@type\":\"Organization\",\"@id\":\"https:\\\/\\\/skeeneffect.sk\\\/#organization\",\"name\":\"Skeeneffect\",\"url\":\"https:\\\/\\\/skeeneffect.sk\\\/\",\"logo\":{\"@type\":\"ImageObject\",\"inLanguage\":\"en-GB\",\"@id\":\"https:\\\/\\\/skeeneffect.sk\\\/#\\\/schema\\\/logo\\\/image\\\/\",\"url\":\"https:\\\/\\\/skeeneffect.sk\\\/wp-content\\\/uploads\\\/2023\\\/09\\\/Skeeneffect-favicon.png\",\"contentUrl\":\"https:\\\/\\\/skeeneffect.sk\\\/wp-content\\\/uploads\\\/2023\\\/09\\\/Skeeneffect-favicon.png\",\"width\":1000,\"height\":1000,\"caption\":\"Skeeneffect\"},\"image\":{\"@id\":\"https:\\\/\\\/skeeneffect.sk\\\/#\\\/schema\\\/logo\\\/image\\\/\"},\"sameAs\":[\"https:\\\/\\\/www.facebook.com\\\/skeeneffect\",\"https:\\\/\\\/www.instagram.com\\\/skeeneffect\\\/\"]}]}<\/script>\n<!-- \/ Yoast SEO plugin. -->","yoast_head_json":{"title":"ZDRAV\u00dd METABOLIZMUS A OMLADENIE PRE VYSNEN\u00da PLE\u0164 - Skeeneffect","robots":{"index":"index","follow":"follow","max-snippet":"max-snippet:-1","max-image-preview":"max-image-preview:large","max-video-preview":"max-video-preview:-1"},"canonical":"https:\/\/skeeneffect.sk\/en\/product\/zdravy-metabolizmus-a-omladenie-pre-vysnenu-plet\/","og_locale":"en_GB","og_type":"article","og_title":"ZDRAV\u00dd METABOLIZMUS A OMLADENIE PRE VYSNEN\u00da PLE\u0164 - Skeeneffect","og_description":"AGE LESS obsahuje inovativne molekuly a pr\u00edrodn\u00e9 extrakty, ktor\u00e9 posil\u0148uj\u00fa odolnos\u0165 organizmu vo\u010di oxida\u010dn\u00e9mu stresu a chr\u00e1nia poko\u017eku pred fotopo\u0161koden\u00edm. Podporuj\u00fa optim\u00e1lny obsah kolag\u00e9nu, br\u00e1nia fotostarnutiu a pom\u00e1haj\u00fa udr\u017ea\u0165 ple\u0165 pru\u017en\u00fa, \u017eiariv\u00fa a mladistv\u00fa na dlh\u00e9 roky. NATURAL METABOLIC HEALTH prirodzene podporuje spa\u013eovanie tukov, zni\u017euje chu\u0165 do jedla a zlep\u0161uje metabolick\u00fa rovnov\u00e1hu, aby ste sa c\u00edtili energickej\u0161ie a \u013eah\u0161ie ka\u017ed\u00fd de\u0148.","og_url":"https:\/\/skeeneffect.sk\/en\/product\/zdravy-metabolizmus-a-omladenie-pre-vysnenu-plet\/","og_site_name":"Skeeneffect","article_publisher":"https:\/\/www.facebook.com\/skeeneffect","article_modified_time":"2026-04-08T12:40:30+00:00","og_image":[{"width":1080,"height":1080,"url":"https:\/\/skeeneffect.sk\/wp-content\/uploads\/2025\/11\/nhm-ageless.jpg","type":"image\/jpeg"}],"twitter_card":"summary_large_image","twitter_misc":{"Estimated reading time":"1 minute"},"schema":{"@context":"https:\/\/schema.org","@graph":[{"@type":"WebPage","@id":"https:\/\/skeeneffect.sk\/produkt\/zdravy-metabolizmus-a-omladenie-pre-vysnenu-plet\/","url":"https:\/\/skeeneffect.sk\/produkt\/zdravy-metabolizmus-a-omladenie-pre-vysnenu-plet\/","name":"ZDRAV\u00dd METABOLIZMUS A OMLADENIE PRE VYSNEN\u00da PLE\u0164 - Skeeneffect","isPartOf":{"@id":"https:\/\/skeeneffect.sk\/#website"},"primaryImageOfPage":{"@id":"https:\/\/skeeneffect.sk\/produkt\/zdravy-metabolizmus-a-omladenie-pre-vysnenu-plet\/#primaryimage"},"image":{"@id":"https:\/\/skeeneffect.sk\/produkt\/zdravy-metabolizmus-a-omladenie-pre-vysnenu-plet\/#primaryimage"},"thumbnailUrl":"https:\/\/skeeneffect.sk\/wp-content\/uploads\/2025\/11\/nhm-ageless.jpg","datePublished":"2025-11-19T12:48:10+00:00","dateModified":"2026-04-08T12:40:30+00:00","breadcrumb":{"@id":"https:\/\/skeeneffect.sk\/produkt\/zdravy-metabolizmus-a-omladenie-pre-vysnenu-plet\/#breadcrumb"},"inLanguage":"en-GB","potentialAction":[{"@type":"ReadAction","target":["https:\/\/skeeneffect.sk\/produkt\/zdravy-metabolizmus-a-omladenie-pre-vysnenu-plet\/"]}]},{"@type":"ImageObject","inLanguage":"en-GB","@id":"https:\/\/skeeneffect.sk\/produkt\/zdravy-metabolizmus-a-omladenie-pre-vysnenu-plet\/#primaryimage","url":"https:\/\/skeeneffect.sk\/wp-content\/uploads\/2025\/11\/nhm-ageless.jpg","contentUrl":"https:\/\/skeeneffect.sk\/wp-content\/uploads\/2025\/11\/nhm-ageless.jpg","width":1080,"height":1080},{"@type":"BreadcrumbList","@id":"https:\/\/skeeneffect.sk\/produkt\/zdravy-metabolizmus-a-omladenie-pre-vysnenu-plet\/#breadcrumb","itemListElement":[{"@type":"ListItem","position":1,"name":"Home","item":"https:\/\/skeeneffect.sk\/"},{"@type":"ListItem","position":2,"name":"Shop","item":"https:\/\/skeeneffect.sk\/shop\/"},{"@type":"ListItem","position":3,"name":"ZDRAV\u00dd METABOLIZMUS A OMLADENIE PRE VYSNEN\u00da PLE\u0164"}]},{"@type":"WebSite","@id":"https:\/\/skeeneffect.sk\/#website","url":"https:\/\/skeeneffect.sk\/","name":"Natural Metabolic Health","description":"Mlados\u0165 nikdy nekon\u010d\u00ed !","publisher":{"@id":"https:\/\/skeeneffect.sk\/#organization"},"potentialAction":[{"@type":"SearchAction","target":{"@type":"EntryPoint","urlTemplate":"https:\/\/skeeneffect.sk\/?s={search_term_string}"},"query-input":{"@type":"PropertyValueSpecification","valueRequired":true,"valueName":"search_term_string"}}],"inLanguage":"en-GB"},{"@type":"Organization","@id":"https:\/\/skeeneffect.sk\/#organization","name":"Natural Metabolic Health","url":"https:\/\/skeeneffect.sk\/","logo":{"@type":"ImageObject","inLanguage":"en-GB","@id":"https:\/\/skeeneffect.sk\/#\/schema\/logo\/image\/","url":"https:\/\/skeeneffect.sk\/wp-content\/uploads\/2023\/09\/Skeeneffect-favicon.png","contentUrl":"https:\/\/skeeneffect.sk\/wp-content\/uploads\/2023\/09\/Skeeneffect-favicon.png","width":1000,"height":1000,"caption":"Skeeneffect"},"image":{"@id":"https:\/\/skeeneffect.sk\/#\/schema\/logo\/image\/"},"sameAs":["https:\/\/www.facebook.com\/skeeneffect","https:\/\/www.instagram.com\/skeeneffect\/"]}]}},"_links":{"self":[{"href":"https:\/\/skeeneffect.sk\/en\/wp-json\/wp\/v2\/product\/25229","targetHints":{"allow":["GET"]}}],"collection":[{"href":"https:\/\/skeeneffect.sk\/en\/wp-json\/wp\/v2\/product"}],"about":[{"href":"https:\/\/skeeneffect.sk\/en\/wp-json\/wp\/v2\/types\/product"}],"replies":[{"embeddable":true,"href":"https:\/\/skeeneffect.sk\/en\/wp-json\/wp\/v2\/comments?post=25229"}],"version-history":[{"count":7,"href":"https:\/\/skeeneffect.sk\/en\/wp-json\/wp\/v2\/product\/25229\/revisions"}],"predecessor-version":[{"id":25698,"href":"https:\/\/skeeneffect.sk\/en\/wp-json\/wp\/v2\/product\/25229\/revisions\/25698"}],"wp:featuredmedia":[{"embeddable":true,"href":"https:\/\/skeeneffect.sk\/en\/wp-json\/wp\/v2\/media\/25235"}],"wp:attachment":[{"href":"https:\/\/skeeneffect.sk\/en\/wp-json\/wp\/v2\/media?parent=25229"}],"wp:term":[{"taxonomy":"product_brand","embeddable":true,"href":"https:\/\/skeeneffect.sk\/en\/wp-json\/wp\/v2\/product_brand?post=25229"},{"taxonomy":"product_cat","embeddable":true,"href":"https:\/\/skeeneffect.sk\/en\/wp-json\/wp\/v2\/product_cat?post=25229"},{"taxonomy":"product_tag","embeddable":true,"href":"https:\/\/skeeneffect.sk\/en\/wp-json\/wp\/v2\/product_tag?post=25229"}],"curies":[{"name":"wp","href":"https:\/\/api.w.org\/{rel}","templated":true}]}}