{"id":24279,"date":"2025-04-09T17:48:06","date_gmt":"2025-04-09T15:48:06","guid":{"rendered":"https:\/\/skeeneffect.sk\/?post_type=product&#038;p=24279"},"modified":"2026-01-14T13:08:51","modified_gmt":"2026-01-14T12:08:51","slug":"kozmeticka-tasticka-skeeneffect-x-vuch","status":"publish","type":"product","link":"https:\/\/skeeneffect.sk\/en\/product\/kozmeticka-tasticka-skeeneffect-x-vuch\/","title":{"rendered":"Kozmetick\u00e1 ta\u0161ti\u010dka Skeeneffect x VUCH"},"content":{"rendered":"","protected":false},"excerpt":{"rendered":"<p><span style=\"font-weight: 400;\">Objavte spojenie dokonalej organiz\u00e1cie, praktickosti a minimalistick\u00e9ho \u0161t\u00fdlu v jednom. Kozmetick\u00e1 ta\u0161ti\u010dka Skeeneffect, ktor\u00e1 bola vytvoren\u00e1 v spolupr\u00e1ci so zna\u010dkou VUCH, je elegantn\u00fdm k\u00faskom pre ka\u017ed\u00fa \u017eenu.<\/span><\/p>\n<p><span style=\"font-weight: 400;\">V\u010faka rozmerom 17 \u00d7 24 \u00d7 9 cm sa v\u00e1m do nej zmestia v\u0161etky kozmetick\u00e9 nevyhnutnosti na doma, do pr\u00e1ce \u010di na cestovanie. Ta\u0161ti\u010dka m\u00e1 prakticky rozvrhnut\u00e9 priehradky pre dokonal\u00fd preh\u013ead a poriadok.\u00a0<\/span><\/p>\n<p><span style=\"font-weight: 400;\">Kozmetick\u00e1 ta\u0161ti\u010dka Skeeneffect je vyroben\u00e1 z kvalitn\u00e9ho materi\u00e1lu, ktor\u00fd je pr\u00edjemn\u00fd na dotyk a odoln\u00fd pri ka\u017edodennom pou\u017e\u00edvan\u00ed. V\u010faka svojmu vyhotoveniu sa \u013eahko prisp\u00f4sob\u00ed obsahu a nezaberie v kabelke \u010di kufri viac priestoru, ne\u017e je nutn\u00e9.\u00a0<\/span><\/p>","protected":false},"featured_media":24273,"comment_status":"open","ping_status":"closed","template":"","meta":[],"product_brand":[],"product_cat":[176],"product_tag":[],"class_list":{"0":"post-24279","1":"product","2":"type-product","3":"status-publish","4":"has-post-thumbnail","6":"product_cat-accessories","8":"first","9":"instock","10":"sold-individually","11":"taxable","12":"shipping-taxable","13":"purchasable","14":"product-type-simple"},"yoast_head":"<!-- This site is optimized with the Yoast SEO plugin v27.3 - https:\/\/yoast.com\/product\/yoast-seo-wordpress\/ -->\n<title>Kozmetick\u00e1 ta\u0161ti\u010dka Skeeneffect x VUCH - Skeeneffect<\/title>\n<meta name=\"robots\" content=\"index, follow, max-snippet:-1, max-image-preview:large, max-video-preview:-1\" \/>\n<link rel=\"canonical\" href=\"https:\/\/skeeneffect.sk\/en\/product\/kozmeticka-tasticka-skeeneffect-x-vuch\/\" \/>\n<meta property=\"og:locale\" content=\"en_GB\" \/>\n<meta property=\"og:type\" content=\"article\" \/>\n<meta property=\"og:title\" content=\"Kozmetick\u00e1 ta\u0161ti\u010dka Skeeneffect x VUCH - Skeeneffect\" \/>\n<meta property=\"og:description\" content=\"Objavte spojenie dokonalej organiz\u00e1cie, praktickosti a minimalistick\u00e9ho \u0161t\u00fdlu v jednom. Kozmetick\u00e1 ta\u0161ti\u010dka Skeeneffect, ktor\u00e1 bola vytvoren\u00e1 v spolupr\u00e1ci so zna\u010dkou VUCH, je elegantn\u00fdm k\u00faskom pre ka\u017ed\u00fa \u017eenu.  V\u010faka rozmerom 17 \u00d7 24 \u00d7 9 cm sa v\u00e1m do nej zmestia v\u0161etky kozmetick\u00e9 nevyhnutnosti na doma, do pr\u00e1ce \u010di na cestovanie. Ta\u0161ti\u010dka m\u00e1 prakticky rozvrhnut\u00e9 priehradky pre dokonal\u00fd preh\u013ead a poriadok.\u00a0  Kozmetick\u00e1 ta\u0161ti\u010dka Skeeneffect je vyroben\u00e1 z kvalitn\u00e9ho materi\u00e1lu, ktor\u00fd je pr\u00edjemn\u00fd na dotyk a odoln\u00fd pri ka\u017edodennom pou\u017e\u00edvan\u00ed. V\u010faka svojmu vyhotoveniu sa \u013eahko prisp\u00f4sob\u00ed obsahu a nezaberie v kabelke \u010di kufri viac priestoru, ne\u017e je nutn\u00e9.\u00a0\" \/>\n<meta property=\"og:url\" content=\"https:\/\/skeeneffect.sk\/en\/product\/kozmeticka-tasticka-skeeneffect-x-vuch\/\" \/>\n<meta property=\"og:site_name\" content=\"Skeeneffect\" \/>\n<meta property=\"article:publisher\" content=\"https:\/\/www.facebook.com\/skeeneffect\" \/>\n<meta property=\"article:modified_time\" content=\"2026-01-14T12:08:51+00:00\" \/>\n<meta property=\"og:image\" content=\"https:\/\/skeeneffect.sk\/wp-content\/uploads\/2025\/04\/tasticka-skeeneffect.jpg\" \/>\n\t<meta property=\"og:image:width\" content=\"1280\" \/>\n\t<meta property=\"og:image:height\" content=\"1280\" \/>\n\t<meta property=\"og:image:type\" content=\"image\/jpeg\" \/>\n<meta name=\"twitter:card\" content=\"summary_large_image\" \/>\n<meta name=\"twitter:label1\" content=\"Estimated reading time\" \/>\n\t<meta name=\"twitter:data1\" content=\"1 minute\" \/>\n<script type=\"application\/ld+json\" class=\"yoast-schema-graph\">{\"@context\":\"https:\\\/\\\/schema.org\",\"@graph\":[{\"@type\":\"WebPage\",\"@id\":\"https:\\\/\\\/skeeneffect.sk\\\/produkt\\\/kozmeticka-tasticka-skeeneffect-x-vuch\\\/\",\"url\":\"https:\\\/\\\/skeeneffect.sk\\\/produkt\\\/kozmeticka-tasticka-skeeneffect-x-vuch\\\/\",\"name\":\"Kozmetick\u00e1 ta\u0161ti\u010dka Skeeneffect x VUCH - Skeeneffect\",\"isPartOf\":{\"@id\":\"https:\\\/\\\/skeeneffect.sk\\\/#website\"},\"primaryImageOfPage\":{\"@id\":\"https:\\\/\\\/skeeneffect.sk\\\/produkt\\\/kozmeticka-tasticka-skeeneffect-x-vuch\\\/#primaryimage\"},\"image\":{\"@id\":\"https:\\\/\\\/skeeneffect.sk\\\/produkt\\\/kozmeticka-tasticka-skeeneffect-x-vuch\\\/#primaryimage\"},\"thumbnailUrl\":\"https:\\\/\\\/skeeneffect.sk\\\/wp-content\\\/uploads\\\/2025\\\/04\\\/tasticka-skeeneffect.jpg\",\"datePublished\":\"2025-04-09T15:48:06+00:00\",\"dateModified\":\"2026-01-14T12:08:51+00:00\",\"breadcrumb\":{\"@id\":\"https:\\\/\\\/skeeneffect.sk\\\/produkt\\\/kozmeticka-tasticka-skeeneffect-x-vuch\\\/#breadcrumb\"},\"inLanguage\":\"en-GB\",\"potentialAction\":[{\"@type\":\"ReadAction\",\"target\":[\"https:\\\/\\\/skeeneffect.sk\\\/produkt\\\/kozmeticka-tasticka-skeeneffect-x-vuch\\\/\"]}]},{\"@type\":\"ImageObject\",\"inLanguage\":\"en-GB\",\"@id\":\"https:\\\/\\\/skeeneffect.sk\\\/produkt\\\/kozmeticka-tasticka-skeeneffect-x-vuch\\\/#primaryimage\",\"url\":\"https:\\\/\\\/skeeneffect.sk\\\/wp-content\\\/uploads\\\/2025\\\/04\\\/tasticka-skeeneffect.jpg\",\"contentUrl\":\"https:\\\/\\\/skeeneffect.sk\\\/wp-content\\\/uploads\\\/2025\\\/04\\\/tasticka-skeeneffect.jpg\",\"width\":1280,\"height\":1280},{\"@type\":\"BreadcrumbList\",\"@id\":\"https:\\\/\\\/skeeneffect.sk\\\/produkt\\\/kozmeticka-tasticka-skeeneffect-x-vuch\\\/#breadcrumb\",\"itemListElement\":[{\"@type\":\"ListItem\",\"position\":1,\"name\":\"Home\",\"item\":\"https:\\\/\\\/skeeneffect.sk\\\/\"},{\"@type\":\"ListItem\",\"position\":2,\"name\":\"Shop\",\"item\":\"https:\\\/\\\/skeeneffect.sk\\\/shop\\\/\"},{\"@type\":\"ListItem\",\"position\":3,\"name\":\"Kozmetick\u00e1 ta\u0161ti\u010dka Skeeneffect x VUCH\"}]},{\"@type\":\"WebSite\",\"@id\":\"https:\\\/\\\/skeeneffect.sk\\\/#website\",\"url\":\"https:\\\/\\\/skeeneffect.sk\\\/\",\"name\":\"Skeeneffect\",\"description\":\"Mlados\u0165 nikdy nekon\u010d\u00ed !\",\"publisher\":{\"@id\":\"https:\\\/\\\/skeeneffect.sk\\\/#organization\"},\"potentialAction\":[{\"@type\":\"SearchAction\",\"target\":{\"@type\":\"EntryPoint\",\"urlTemplate\":\"https:\\\/\\\/skeeneffect.sk\\\/?s={search_term_string}\"},\"query-input\":{\"@type\":\"PropertyValueSpecification\",\"valueRequired\":true,\"valueName\":\"search_term_string\"}}],\"inLanguage\":\"en-GB\"},{\"@type\":\"Organization\",\"@id\":\"https:\\\/\\\/skeeneffect.sk\\\/#organization\",\"name\":\"Skeeneffect\",\"url\":\"https:\\\/\\\/skeeneffect.sk\\\/\",\"logo\":{\"@type\":\"ImageObject\",\"inLanguage\":\"en-GB\",\"@id\":\"https:\\\/\\\/skeeneffect.sk\\\/#\\\/schema\\\/logo\\\/image\\\/\",\"url\":\"https:\\\/\\\/skeeneffect.sk\\\/wp-content\\\/uploads\\\/2023\\\/09\\\/Skeeneffect-favicon.png\",\"contentUrl\":\"https:\\\/\\\/skeeneffect.sk\\\/wp-content\\\/uploads\\\/2023\\\/09\\\/Skeeneffect-favicon.png\",\"width\":1000,\"height\":1000,\"caption\":\"Skeeneffect\"},\"image\":{\"@id\":\"https:\\\/\\\/skeeneffect.sk\\\/#\\\/schema\\\/logo\\\/image\\\/\"},\"sameAs\":[\"https:\\\/\\\/www.facebook.com\\\/skeeneffect\",\"https:\\\/\\\/www.instagram.com\\\/skeeneffect\\\/\"]}]}<\/script>\n<!-- \/ Yoast SEO plugin. -->","yoast_head_json":{"title":"Kozmetick\u00e1 ta\u0161ti\u010dka Skeeneffect x VUCH - Skeeneffect","robots":{"index":"index","follow":"follow","max-snippet":"max-snippet:-1","max-image-preview":"max-image-preview:large","max-video-preview":"max-video-preview:-1"},"canonical":"https:\/\/skeeneffect.sk\/en\/product\/kozmeticka-tasticka-skeeneffect-x-vuch\/","og_locale":"en_GB","og_type":"article","og_title":"Kozmetick\u00e1 ta\u0161ti\u010dka Skeeneffect x VUCH - Skeeneffect","og_description":"Objavte spojenie dokonalej organiz\u00e1cie, praktickosti a minimalistick\u00e9ho \u0161t\u00fdlu v jednom. Kozmetick\u00e1 ta\u0161ti\u010dka Skeeneffect, ktor\u00e1 bola vytvoren\u00e1 v spolupr\u00e1ci so zna\u010dkou VUCH, je elegantn\u00fdm k\u00faskom pre ka\u017ed\u00fa \u017eenu.  V\u010faka rozmerom 17 \u00d7 24 \u00d7 9 cm sa v\u00e1m do nej zmestia v\u0161etky kozmetick\u00e9 nevyhnutnosti na doma, do pr\u00e1ce \u010di na cestovanie. Ta\u0161ti\u010dka m\u00e1 prakticky rozvrhnut\u00e9 priehradky pre dokonal\u00fd preh\u013ead a poriadok.\u00a0  Kozmetick\u00e1 ta\u0161ti\u010dka Skeeneffect je vyroben\u00e1 z kvalitn\u00e9ho materi\u00e1lu, ktor\u00fd je pr\u00edjemn\u00fd na dotyk a odoln\u00fd pri ka\u017edodennom pou\u017e\u00edvan\u00ed. V\u010faka svojmu vyhotoveniu sa \u013eahko prisp\u00f4sob\u00ed obsahu a nezaberie v kabelke \u010di kufri viac priestoru, ne\u017e je nutn\u00e9.\u00a0","og_url":"https:\/\/skeeneffect.sk\/en\/product\/kozmeticka-tasticka-skeeneffect-x-vuch\/","og_site_name":"Skeeneffect","article_publisher":"https:\/\/www.facebook.com\/skeeneffect","article_modified_time":"2026-01-14T12:08:51+00:00","og_image":[{"width":1280,"height":1280,"url":"https:\/\/skeeneffect.sk\/wp-content\/uploads\/2025\/04\/tasticka-skeeneffect.jpg","type":"image\/jpeg"}],"twitter_card":"summary_large_image","twitter_misc":{"Estimated reading time":"1 minute"},"schema":{"@context":"https:\/\/schema.org","@graph":[{"@type":"WebPage","@id":"https:\/\/skeeneffect.sk\/produkt\/kozmeticka-tasticka-skeeneffect-x-vuch\/","url":"https:\/\/skeeneffect.sk\/produkt\/kozmeticka-tasticka-skeeneffect-x-vuch\/","name":"Kozmetick\u00e1 ta\u0161ti\u010dka Skeeneffect x VUCH - Skeeneffect","isPartOf":{"@id":"https:\/\/skeeneffect.sk\/#website"},"primaryImageOfPage":{"@id":"https:\/\/skeeneffect.sk\/produkt\/kozmeticka-tasticka-skeeneffect-x-vuch\/#primaryimage"},"image":{"@id":"https:\/\/skeeneffect.sk\/produkt\/kozmeticka-tasticka-skeeneffect-x-vuch\/#primaryimage"},"thumbnailUrl":"https:\/\/skeeneffect.sk\/wp-content\/uploads\/2025\/04\/tasticka-skeeneffect.jpg","datePublished":"2025-04-09T15:48:06+00:00","dateModified":"2026-01-14T12:08:51+00:00","breadcrumb":{"@id":"https:\/\/skeeneffect.sk\/produkt\/kozmeticka-tasticka-skeeneffect-x-vuch\/#breadcrumb"},"inLanguage":"en-GB","potentialAction":[{"@type":"ReadAction","target":["https:\/\/skeeneffect.sk\/produkt\/kozmeticka-tasticka-skeeneffect-x-vuch\/"]}]},{"@type":"ImageObject","inLanguage":"en-GB","@id":"https:\/\/skeeneffect.sk\/produkt\/kozmeticka-tasticka-skeeneffect-x-vuch\/#primaryimage","url":"https:\/\/skeeneffect.sk\/wp-content\/uploads\/2025\/04\/tasticka-skeeneffect.jpg","contentUrl":"https:\/\/skeeneffect.sk\/wp-content\/uploads\/2025\/04\/tasticka-skeeneffect.jpg","width":1280,"height":1280},{"@type":"BreadcrumbList","@id":"https:\/\/skeeneffect.sk\/produkt\/kozmeticka-tasticka-skeeneffect-x-vuch\/#breadcrumb","itemListElement":[{"@type":"ListItem","position":1,"name":"Home","item":"https:\/\/skeeneffect.sk\/"},{"@type":"ListItem","position":2,"name":"Shop","item":"https:\/\/skeeneffect.sk\/shop\/"},{"@type":"ListItem","position":3,"name":"Kozmetick\u00e1 ta\u0161ti\u010dka Skeeneffect x VUCH"}]},{"@type":"WebSite","@id":"https:\/\/skeeneffect.sk\/#website","url":"https:\/\/skeeneffect.sk\/","name":"Natural Metabolic Health","description":"Mlados\u0165 nikdy nekon\u010d\u00ed !","publisher":{"@id":"https:\/\/skeeneffect.sk\/#organization"},"potentialAction":[{"@type":"SearchAction","target":{"@type":"EntryPoint","urlTemplate":"https:\/\/skeeneffect.sk\/?s={search_term_string}"},"query-input":{"@type":"PropertyValueSpecification","valueRequired":true,"valueName":"search_term_string"}}],"inLanguage":"en-GB"},{"@type":"Organization","@id":"https:\/\/skeeneffect.sk\/#organization","name":"Natural Metabolic Health","url":"https:\/\/skeeneffect.sk\/","logo":{"@type":"ImageObject","inLanguage":"en-GB","@id":"https:\/\/skeeneffect.sk\/#\/schema\/logo\/image\/","url":"https:\/\/skeeneffect.sk\/wp-content\/uploads\/2023\/09\/Skeeneffect-favicon.png","contentUrl":"https:\/\/skeeneffect.sk\/wp-content\/uploads\/2023\/09\/Skeeneffect-favicon.png","width":1000,"height":1000,"caption":"Skeeneffect"},"image":{"@id":"https:\/\/skeeneffect.sk\/#\/schema\/logo\/image\/"},"sameAs":["https:\/\/www.facebook.com\/skeeneffect","https:\/\/www.instagram.com\/skeeneffect\/"]}]}},"_links":{"self":[{"href":"https:\/\/skeeneffect.sk\/en\/wp-json\/wp\/v2\/product\/24279","targetHints":{"allow":["GET"]}}],"collection":[{"href":"https:\/\/skeeneffect.sk\/en\/wp-json\/wp\/v2\/product"}],"about":[{"href":"https:\/\/skeeneffect.sk\/en\/wp-json\/wp\/v2\/types\/product"}],"replies":[{"embeddable":true,"href":"https:\/\/skeeneffect.sk\/en\/wp-json\/wp\/v2\/comments?post=24279"}],"version-history":[{"count":4,"href":"https:\/\/skeeneffect.sk\/en\/wp-json\/wp\/v2\/product\/24279\/revisions"}],"predecessor-version":[{"id":24286,"href":"https:\/\/skeeneffect.sk\/en\/wp-json\/wp\/v2\/product\/24279\/revisions\/24286"}],"wp:featuredmedia":[{"embeddable":true,"href":"https:\/\/skeeneffect.sk\/en\/wp-json\/wp\/v2\/media\/24273"}],"wp:attachment":[{"href":"https:\/\/skeeneffect.sk\/en\/wp-json\/wp\/v2\/media?parent=24279"}],"wp:term":[{"taxonomy":"product_brand","embeddable":true,"href":"https:\/\/skeeneffect.sk\/en\/wp-json\/wp\/v2\/product_brand?post=24279"},{"taxonomy":"product_cat","embeddable":true,"href":"https:\/\/skeeneffect.sk\/en\/wp-json\/wp\/v2\/product_cat?post=24279"},{"taxonomy":"product_tag","embeddable":true,"href":"https:\/\/skeeneffect.sk\/en\/wp-json\/wp\/v2\/product_tag?post=24279"}],"curies":[{"name":"wp","href":"https:\/\/api.w.org\/{rel}","templated":true}]}}