{"id":22992,"date":"2024-07-17T10:30:01","date_gmt":"2024-07-17T08:30:01","guid":{"rendered":"https:\/\/skeeneffect.sk\/?post_type=product&#038;p=22992"},"modified":"2026-01-14T13:09:00","modified_gmt":"2026-01-14T12:09:00","slug":"sunbears-gumici","status":"publish","type":"product","link":"https:\/\/skeeneffect.sk\/en\/product\/sunbears-gumici\/","title":{"rendered":"PROTECT THE SKIN DURING TANNING"},"content":{"rendered":"","protected":false},"excerpt":{"rendered":"<p>Contributes to maintaining skin care with Nutroxsun active substances, beta-carotene, Vitamin E, Vitamin C and Zinc during exposure to sunlight.<\/p>\n<div class=\"advice\"><span class=\"color_span\"><strong>Recommended daily dosage: 2gummies \/ day <\/strong><\/span> | The package contains 60 gummies \/ 210g<\/div>","protected":false},"featured_media":23056,"comment_status":"open","ping_status":"closed","template":"","meta":[],"product_brand":[],"product_cat":[131],"product_tag":[130],"class_list":{"0":"post-22992","1":"product","2":"type-product","3":"status-publish","4":"has-post-thumbnail","6":"product_cat-ageall","7":"product_tag-sunbears-gumici","9":"first","10":"instock","11":"sale","12":"taxable","13":"shipping-taxable","14":"purchasable","15":"product-type-simple"},"yoast_head":"<!-- This site is optimized with the Yoast SEO plugin v27.3 - https:\/\/yoast.com\/product\/yoast-seo-wordpress\/ -->\n<title>Sunbears gum\u00edci - Skeeneffect<\/title>\n<meta name=\"robots\" content=\"index, follow, max-snippet:-1, max-image-preview:large, max-video-preview:-1\" \/>\n<link rel=\"canonical\" href=\"https:\/\/skeeneffect.sk\/en\/product\/sunbears-gumici\/\" \/>\n<meta property=\"og:locale\" content=\"en_GB\" \/>\n<meta property=\"og:type\" content=\"article\" \/>\n<meta property=\"og:title\" content=\"Sunbears gum\u00edci - Skeeneffect\" \/>\n<meta property=\"og:description\" content=\"SUNBEARS prispievaj\u00fa k udr\u017eaniu starostlivosti o ple\u0165 s akt\u00edvnymi l\u00e1tkami Nutroxsun, betakarot\u00e9nom, Vitam\u00ednom E, Vitam\u00ednom C a Zinkom po\u010das vystavenia slne\u010dn\u00e9mu \u017eiareniu. Odpor\u00fa\u010dan\u00e9 d\u00e1vkovanie: 2 \u017eel\u00e9 \/ de\u0148 I Balenie 60 \u017eel\u00e9 \/ 210g\" \/>\n<meta property=\"og:url\" content=\"https:\/\/skeeneffect.sk\/en\/product\/sunbears-gumici\/\" \/>\n<meta property=\"og:site_name\" content=\"Skeeneffect\" \/>\n<meta property=\"article:publisher\" content=\"https:\/\/www.facebook.com\/skeeneffect\" \/>\n<meta property=\"article:modified_time\" content=\"2026-01-14T12:09:00+00:00\" \/>\n<meta property=\"og:image\" content=\"https:\/\/skeeneffect.sk\/wp-content\/uploads\/2024\/07\/SunBears_WEB-1-1.png\" \/>\n\t<meta property=\"og:image:width\" content=\"1100\" \/>\n\t<meta property=\"og:image:height\" content=\"1098\" \/>\n\t<meta property=\"og:image:type\" content=\"image\/png\" \/>\n<meta name=\"twitter:card\" content=\"summary_large_image\" \/>\n<meta name=\"twitter:label1\" content=\"Estimated reading time\" \/>\n\t<meta name=\"twitter:data1\" content=\"1 minute\" \/>\n<script type=\"application\/ld+json\" class=\"yoast-schema-graph\">{\"@context\":\"https:\\\/\\\/schema.org\",\"@graph\":[{\"@type\":\"WebPage\",\"@id\":\"https:\\\/\\\/skeeneffect.sk\\\/produkt\\\/sunbears-gumici\\\/\",\"url\":\"https:\\\/\\\/skeeneffect.sk\\\/produkt\\\/sunbears-gumici\\\/\",\"name\":\"Sunbears gum\u00edci - Skeeneffect\",\"isPartOf\":{\"@id\":\"https:\\\/\\\/skeeneffect.sk\\\/#website\"},\"primaryImageOfPage\":{\"@id\":\"https:\\\/\\\/skeeneffect.sk\\\/produkt\\\/sunbears-gumici\\\/#primaryimage\"},\"image\":{\"@id\":\"https:\\\/\\\/skeeneffect.sk\\\/produkt\\\/sunbears-gumici\\\/#primaryimage\"},\"thumbnailUrl\":\"https:\\\/\\\/skeeneffect.sk\\\/wp-content\\\/uploads\\\/2024\\\/07\\\/SunBears_WEB-1-1.png\",\"datePublished\":\"2024-07-17T08:30:01+00:00\",\"dateModified\":\"2026-01-14T12:09:00+00:00\",\"breadcrumb\":{\"@id\":\"https:\\\/\\\/skeeneffect.sk\\\/produkt\\\/sunbears-gumici\\\/#breadcrumb\"},\"inLanguage\":\"en-GB\",\"potentialAction\":[{\"@type\":\"ReadAction\",\"target\":[\"https:\\\/\\\/skeeneffect.sk\\\/produkt\\\/sunbears-gumici\\\/\"]}]},{\"@type\":\"ImageObject\",\"inLanguage\":\"en-GB\",\"@id\":\"https:\\\/\\\/skeeneffect.sk\\\/produkt\\\/sunbears-gumici\\\/#primaryimage\",\"url\":\"https:\\\/\\\/skeeneffect.sk\\\/wp-content\\\/uploads\\\/2024\\\/07\\\/SunBears_WEB-1-1.png\",\"contentUrl\":\"https:\\\/\\\/skeeneffect.sk\\\/wp-content\\\/uploads\\\/2024\\\/07\\\/SunBears_WEB-1-1.png\",\"width\":1100,\"height\":1098},{\"@type\":\"BreadcrumbList\",\"@id\":\"https:\\\/\\\/skeeneffect.sk\\\/produkt\\\/sunbears-gumici\\\/#breadcrumb\",\"itemListElement\":[{\"@type\":\"ListItem\",\"position\":1,\"name\":\"Home\",\"item\":\"https:\\\/\\\/skeeneffect.sk\\\/\"},{\"@type\":\"ListItem\",\"position\":2,\"name\":\"Shop\",\"item\":\"https:\\\/\\\/skeeneffect.sk\\\/shop\\\/\"},{\"@type\":\"ListItem\",\"position\":3,\"name\":\"CHR\u00c1NIA POKO\u017dKU PO\u010cAS OPALOVANIA\"}]},{\"@type\":\"WebSite\",\"@id\":\"https:\\\/\\\/skeeneffect.sk\\\/#website\",\"url\":\"https:\\\/\\\/skeeneffect.sk\\\/\",\"name\":\"Skeeneffect\",\"description\":\"Mlados\u0165 nikdy nekon\u010d\u00ed !\",\"publisher\":{\"@id\":\"https:\\\/\\\/skeeneffect.sk\\\/#organization\"},\"potentialAction\":[{\"@type\":\"SearchAction\",\"target\":{\"@type\":\"EntryPoint\",\"urlTemplate\":\"https:\\\/\\\/skeeneffect.sk\\\/?s={search_term_string}\"},\"query-input\":{\"@type\":\"PropertyValueSpecification\",\"valueRequired\":true,\"valueName\":\"search_term_string\"}}],\"inLanguage\":\"en-GB\"},{\"@type\":\"Organization\",\"@id\":\"https:\\\/\\\/skeeneffect.sk\\\/#organization\",\"name\":\"Skeeneffect\",\"url\":\"https:\\\/\\\/skeeneffect.sk\\\/\",\"logo\":{\"@type\":\"ImageObject\",\"inLanguage\":\"en-GB\",\"@id\":\"https:\\\/\\\/skeeneffect.sk\\\/#\\\/schema\\\/logo\\\/image\\\/\",\"url\":\"https:\\\/\\\/skeeneffect.sk\\\/wp-content\\\/uploads\\\/2023\\\/09\\\/Skeeneffect-favicon.png\",\"contentUrl\":\"https:\\\/\\\/skeeneffect.sk\\\/wp-content\\\/uploads\\\/2023\\\/09\\\/Skeeneffect-favicon.png\",\"width\":1000,\"height\":1000,\"caption\":\"Skeeneffect\"},\"image\":{\"@id\":\"https:\\\/\\\/skeeneffect.sk\\\/#\\\/schema\\\/logo\\\/image\\\/\"},\"sameAs\":[\"https:\\\/\\\/www.facebook.com\\\/skeeneffect\",\"https:\\\/\\\/www.instagram.com\\\/skeeneffect\\\/\"]}]}<\/script>\n<!-- \/ Yoast SEO plugin. -->","yoast_head_json":{"title":"Sunbears gum\u00edci - Skeeneffect","robots":{"index":"index","follow":"follow","max-snippet":"max-snippet:-1","max-image-preview":"max-image-preview:large","max-video-preview":"max-video-preview:-1"},"canonical":"https:\/\/skeeneffect.sk\/en\/product\/sunbears-gumici\/","og_locale":"en_GB","og_type":"article","og_title":"Sunbears gum\u00edci - Skeeneffect","og_description":"SUNBEARS prispievaj\u00fa k udr\u017eaniu starostlivosti o ple\u0165 s akt\u00edvnymi l\u00e1tkami Nutroxsun, betakarot\u00e9nom, Vitam\u00ednom E, Vitam\u00ednom C a Zinkom po\u010das vystavenia slne\u010dn\u00e9mu \u017eiareniu. Odpor\u00fa\u010dan\u00e9 d\u00e1vkovanie: 2 \u017eel\u00e9 \/ de\u0148 I Balenie 60 \u017eel\u00e9 \/ 210g","og_url":"https:\/\/skeeneffect.sk\/en\/product\/sunbears-gumici\/","og_site_name":"Skeeneffect","article_publisher":"https:\/\/www.facebook.com\/skeeneffect","article_modified_time":"2026-01-14T12:09:00+00:00","og_image":[{"width":1100,"height":1098,"url":"https:\/\/skeeneffect.sk\/wp-content\/uploads\/2024\/07\/SunBears_WEB-1-1.png","type":"image\/png"}],"twitter_card":"summary_large_image","twitter_misc":{"Estimated reading time":"1 minute"},"schema":{"@context":"https:\/\/schema.org","@graph":[{"@type":"WebPage","@id":"https:\/\/skeeneffect.sk\/produkt\/sunbears-gumici\/","url":"https:\/\/skeeneffect.sk\/produkt\/sunbears-gumici\/","name":"Sunbears gum\u00edci - Skeeneffect","isPartOf":{"@id":"https:\/\/skeeneffect.sk\/#website"},"primaryImageOfPage":{"@id":"https:\/\/skeeneffect.sk\/produkt\/sunbears-gumici\/#primaryimage"},"image":{"@id":"https:\/\/skeeneffect.sk\/produkt\/sunbears-gumici\/#primaryimage"},"thumbnailUrl":"https:\/\/skeeneffect.sk\/wp-content\/uploads\/2024\/07\/SunBears_WEB-1-1.png","datePublished":"2024-07-17T08:30:01+00:00","dateModified":"2026-01-14T12:09:00+00:00","breadcrumb":{"@id":"https:\/\/skeeneffect.sk\/produkt\/sunbears-gumici\/#breadcrumb"},"inLanguage":"en-GB","potentialAction":[{"@type":"ReadAction","target":["https:\/\/skeeneffect.sk\/produkt\/sunbears-gumici\/"]}]},{"@type":"ImageObject","inLanguage":"en-GB","@id":"https:\/\/skeeneffect.sk\/produkt\/sunbears-gumici\/#primaryimage","url":"https:\/\/skeeneffect.sk\/wp-content\/uploads\/2024\/07\/SunBears_WEB-1-1.png","contentUrl":"https:\/\/skeeneffect.sk\/wp-content\/uploads\/2024\/07\/SunBears_WEB-1-1.png","width":1100,"height":1098},{"@type":"BreadcrumbList","@id":"https:\/\/skeeneffect.sk\/produkt\/sunbears-gumici\/#breadcrumb","itemListElement":[{"@type":"ListItem","position":1,"name":"Home","item":"https:\/\/skeeneffect.sk\/"},{"@type":"ListItem","position":2,"name":"Shop","item":"https:\/\/skeeneffect.sk\/shop\/"},{"@type":"ListItem","position":3,"name":"CHR\u00c1NIA POKO\u017dKU PO\u010cAS OPALOVANIA"}]},{"@type":"WebSite","@id":"https:\/\/skeeneffect.sk\/#website","url":"https:\/\/skeeneffect.sk\/","name":"Natural Metabolic Health","description":"Mlados\u0165 nikdy nekon\u010d\u00ed !","publisher":{"@id":"https:\/\/skeeneffect.sk\/#organization"},"potentialAction":[{"@type":"SearchAction","target":{"@type":"EntryPoint","urlTemplate":"https:\/\/skeeneffect.sk\/?s={search_term_string}"},"query-input":{"@type":"PropertyValueSpecification","valueRequired":true,"valueName":"search_term_string"}}],"inLanguage":"en-GB"},{"@type":"Organization","@id":"https:\/\/skeeneffect.sk\/#organization","name":"Natural Metabolic Health","url":"https:\/\/skeeneffect.sk\/","logo":{"@type":"ImageObject","inLanguage":"en-GB","@id":"https:\/\/skeeneffect.sk\/#\/schema\/logo\/image\/","url":"https:\/\/skeeneffect.sk\/wp-content\/uploads\/2023\/09\/Skeeneffect-favicon.png","contentUrl":"https:\/\/skeeneffect.sk\/wp-content\/uploads\/2023\/09\/Skeeneffect-favicon.png","width":1000,"height":1000,"caption":"Skeeneffect"},"image":{"@id":"https:\/\/skeeneffect.sk\/#\/schema\/logo\/image\/"},"sameAs":["https:\/\/www.facebook.com\/skeeneffect","https:\/\/www.instagram.com\/skeeneffect\/"]}]}},"_links":{"self":[{"href":"https:\/\/skeeneffect.sk\/en\/wp-json\/wp\/v2\/product\/22992","targetHints":{"allow":["GET"]}}],"collection":[{"href":"https:\/\/skeeneffect.sk\/en\/wp-json\/wp\/v2\/product"}],"about":[{"href":"https:\/\/skeeneffect.sk\/en\/wp-json\/wp\/v2\/types\/product"}],"replies":[{"embeddable":true,"href":"https:\/\/skeeneffect.sk\/en\/wp-json\/wp\/v2\/comments?post=22992"}],"version-history":[{"count":14,"href":"https:\/\/skeeneffect.sk\/en\/wp-json\/wp\/v2\/product\/22992\/revisions"}],"predecessor-version":[{"id":24531,"href":"https:\/\/skeeneffect.sk\/en\/wp-json\/wp\/v2\/product\/22992\/revisions\/24531"}],"wp:featuredmedia":[{"embeddable":true,"href":"https:\/\/skeeneffect.sk\/en\/wp-json\/wp\/v2\/media\/23056"}],"wp:attachment":[{"href":"https:\/\/skeeneffect.sk\/en\/wp-json\/wp\/v2\/media?parent=22992"}],"wp:term":[{"taxonomy":"product_brand","embeddable":true,"href":"https:\/\/skeeneffect.sk\/en\/wp-json\/wp\/v2\/product_brand?post=22992"},{"taxonomy":"product_cat","embeddable":true,"href":"https:\/\/skeeneffect.sk\/en\/wp-json\/wp\/v2\/product_cat?post=22992"},{"taxonomy":"product_tag","embeddable":true,"href":"https:\/\/skeeneffect.sk\/en\/wp-json\/wp\/v2\/product_tag?post=22992"}],"curies":[{"name":"wp","href":"https:\/\/api.w.org\/{rel}","templated":true}]}}