{"id":24300,"date":"2025-04-10T12:57:12","date_gmt":"2025-04-10T10:57:12","guid":{"rendered":"https:\/\/skeeneffect.sk\/?page_id=24300"},"modified":"2026-02-11T11:07:43","modified_gmt":"2026-02-11T10:07:43","slug":"podmienky-pouzivania","status":"publish","type":"page","link":"https:\/\/skeeneffect.sk\/en\/podmienky-pouzivania\/","title":{"rendered":"Podmienky pou\u017e\u00edvania"},"content":{"rendered":"<div data-elementor-type=\"wp-page\" data-elementor-id=\"24300\" class=\"elementor elementor-24300\">\n\t\t\t\t\t\t<section class=\"elementor-section elementor-top-section elementor-element elementor-element-3757a21 elementor-section-content-middle elementor-section-boxed elementor-section-height-default elementor-section-height-default wd-section-disabled\" data-id=\"3757a21\" data-element_type=\"section\" data-settings=\"{&quot;_ob_glider_is_slider&quot;:&quot;no&quot;}\">\n\t\t\t\t\t\t<div class=\"elementor-container elementor-column-gap-default\">\n\t\t\t\t\t<div class=\"elementor-column elementor-col-100 elementor-top-column elementor-element elementor-element-9f05a73\" data-id=\"9f05a73\" data-element_type=\"column\" data-settings=\"{&quot;_ob_column_hoveranimator&quot;:&quot;no&quot;,&quot;_ob_column_has_pseudo&quot;:&quot;no&quot;}\">\n\t\t\t<div class=\"elementor-widget-wrap elementor-element-populated\">\n\t\t\t\t\t\t<div class=\"elementor-element elementor-element-7efe37a ob-harakiri-inherit ob-has-background-overlay elementor-widget elementor-widget-heading\" data-id=\"7efe37a\" data-element_type=\"widget\" data-settings=\"{&quot;_ob_use_harakiri&quot;:&quot;yes&quot;,&quot;_ob_harakiri_writing_mode&quot;:&quot;inherit&quot;,&quot;_ob_harakiri_text_clip&quot;:&quot;none&quot;,&quot;_ob_widget_stalker_use&quot;:&quot;no&quot;,&quot;_ob_poopart_use&quot;:&quot;yes&quot;,&quot;_ob_shadough_use&quot;:&quot;no&quot;,&quot;_ob_allow_hoveranimator&quot;:&quot;no&quot;}\" data-widget_type=\"heading.default\">\n\t\t\t\t<div class=\"elementor-widget-container\">\n\t\t\t<h2 class=\"elementor-heading-title elementor-size-default\">PODMIENKY POU\u017d\u00cdVANIA<\/h2>\t\t<\/div>\n\t\t\t\t<\/div>\n\t\t\t\t\t<\/div>\n\t\t<\/div>\n\t\t\t\t\t<\/div>\n\t\t<\/section>\n\t\t<div class=\"elementor-element elementor-element-1798a76 e-flex e-con-boxed wd-section-disabled e-con e-parent\" data-id=\"1798a76\" data-element_type=\"container\" data-settings=\"{&quot;_ob_use_container_extras&quot;:&quot;no&quot;,&quot;_ob_column_hoveranimator&quot;:&quot;no&quot;,&quot;_ob_glider_is_slider&quot;:&quot;no&quot;,&quot;_ob_column_has_pseudo&quot;:&quot;no&quot;}\">\n\t\t\t\t\t<div class=\"e-con-inner\">\n\t\t\t\t<div class=\"elementor-element elementor-element-783d669 ob-has-background-overlay elementor-widget elementor-widget-html\" data-id=\"783d669\" data-element_type=\"widget\" data-settings=\"{&quot;_ob_widget_stalker_use&quot;:&quot;no&quot;,&quot;_ob_poopart_use&quot;:&quot;yes&quot;,&quot;_ob_shadough_use&quot;:&quot;no&quot;,&quot;_ob_allow_hoveranimator&quot;:&quot;no&quot;}\" data-widget_type=\"html.default\">\n\t\t\t\t<div class=\"elementor-widget-container\">\n\t\t\t<h2>Skeeneffect | VERNOSTN\u00dd KLUB ZLIAV<\/h2>\r\n\r\n  <h2>1) V\u0161eobecn\u00e9 ustanovenie<\/h2>\r\n  <p>Vernostn\u00fd program \u201cSkeen Stars\u201d je odme\u0148ovac\u00ed syst\u00e9m pre z\u00e1kazn\u00edkov internetov\u00e9ho obchodu <a href=\"https:\/\/skeeneffect.sk\/en\/\" target=\"_blank\">skeeneffect.sk<\/a>, prev\u00e1dzkovan\u00fd spolo\u010dnos\u0165ou Skeeneffect, s. r. o., Kutl\u00edkov\u00e1 17, 852 50 Bratislava, I\u010cO 55473491; DI\u010c 2121995315; I\u010c DPH SK2121995315.<\/p>\r\n\r\n  <p>\u00da\u010das\u0165 na vernostnom programe je dobrovo\u013en\u00e1. Bez obozn\u00e1menia sa s t\u00fdmito podmienkami a vyjadrenia s\u00fahlasu s nimi nie je vstup mo\u017en\u00fd. Podmienky bud\u00fa v\u017edy dostupn\u00e9 na <a href=\"https:\/\/skeeneffect.sk\/en\/\" target=\"_blank\">na\u0161om webe<\/a>.<\/p>\r\n\r\n  <p>Body z\u00edskate za ka\u017ed\u00fd n\u00e1kup a navy\u0161e aj za tieto aktivity:<\/p>\r\n  <ul>\r\n      <li>Registr\u00e1cia do programu \u2013 20 uv\u00edtac\u00edch bodov<\/li>\r\n    <li>Z\u00e1pis do newslettera \u2013 20 bodov + 5 % z\u013eava<\/li>\r\n    <li>Zdie\u013eanie produktov na soci\u00e1lnych sie\u0165ach \u2013 25 bodov<\/li>\r\n    <li>Textov\u00e1 recenzia na str\u00e1nke \u2013 50 bodov<\/li>\r\n    <li>Foto recenzia pred a po \u2013 produkt Sunbears zadarmo<\/li>\r\n  <\/ul>\r\n\r\n  <h2>2) \u00darovne Skeen Stars<\/h2>\r\n  <ul>\r\n    <li><strong>1. \u00farove\u0148 \u2013 100 bodov (Shine)<\/strong> \u2013 Kozmetick\u00e1 ta\u0161ti\u010dka zadarmo<\/li>\r\n    <li><strong>2. \u00farove\u0148 \u2013 300 bodov (Luminous)<\/strong> \u2013 10 % z\u013eava pri ka\u017edom n\u00e1kupe<\/li>\r\n    <li><strong>3. \u00farove\u0148 \u2013 600 bodov (Celestial)<\/strong> \u2013 15 % z\u013eava pri ka\u017edom n\u00e1kupe<\/li>\r\n    <li><strong>4. \u00farove\u0148 \u2013 900 bodov (Eternal)<\/strong> \u2013 20 % z\u013eava pri ka\u017edom n\u00e1kupe<\/li>\r\n  <\/ul>\r\n\r\n  <h2>3) \u00da\u010das\u0165 na vernostnom programe \u201cSkeen Stars\u201d<\/h2>\r\n  <p>\u00da\u010das\u0165 je bezplatn\u00e1. Registrova\u0165 sa m\u00f4\u017eete pri n\u00e1kupe alebo priamo <a href=\"https:\/\/skeeneffect.sk\/en\/ucet\/?action=register\" target=\"_blank\">na tomto odkaze<\/a>.<\/p>\r\n  <p>Ka\u017ed\u00e9mu z\u00e1kazn\u00edkovi sa vytvor\u00ed online \u00fa\u010det s inform\u00e1ciami o n\u00e1kupoch a bodoch. O ka\u017edom n\u00e1kupe a z\u00edskan\u00fdch bodoch budete informovan\u00ed emailom.<\/p>\r\n\r\n  <h2>4) Podmienky pre uplatnenie bodov<\/h2>\r\n  <ul>\r\n    <li>Body pripisujeme len po doru\u010den\u00ed tovaru (stav objedn\u00e1vky \u201cTovar doru\u010den\u00fd\u201d)<\/li>\r\n  \r\n    <li>Body sa zaokr\u00fah\u013euj\u00fa na cel\u00e9 \u010d\u00edsla<\/li>\r\n    <li>Recenzn\u00e9 body sa pride\u013euj\u00fa len raz ro\u010dne<\/li>\r\n    <li>Niektor\u00e9 produkty m\u00f4\u017eu ma\u0165 extra body (napr. v tajn\u00fdch akci\u00e1ch)<\/li>\r\n    <li>Body nie je mo\u017en\u00e9 zameni\u0165 za peniaze<\/li>\r\n    <li>Po\u010det bodov neprepad\u00e1, z\u013eava na 4. \u00farovni je do\u017eivotn\u00e1<\/li>\r\n  <\/ul>\r\n\r\n  <h2>5) Z\u00e1nik \u010dlenstva<\/h2>\r\n  <p>\u010clenstvo alebo program m\u00f4\u017ee by\u0165 zru\u0161en\u00e9. V takom pr\u00edpade bud\u00fa \u010dlenovia informovan\u00ed vopred emailom. Nevyu\u017eit\u00e9 body nebud\u00fa preplaten\u00e9.<\/p>\r\n  <p>\u010clenstvo zanik\u00e1 aj po odvolan\u00ed s\u00fahlasu so spracovan\u00edm osobn\u00fdch \u00fadajov. Z\u00e1kazn\u00edk m\u00f4\u017ee \u010dlenstvo ukon\u010di\u0165 zaslan\u00edm \u017eiadosti na adresu Skeeneffect, s. r. o., Kutl\u00edkov\u00e1 17, Bratislava.<\/p>\r\n\r\n  <h2>6) Ochrana osobn\u00fdch \u00fadajov<\/h2>\r\n  <p>Inform\u00e1cie o sprac\u00favan\u00ed osobn\u00fdch \u00fadajov n\u00e1jdete na <a href=\"https:\/\/skeeneffect.sk\/en\/gdpr\/\" target=\"_blank\">https:\/\/skeeneffect.sk\/gdpr\/<\/a>.<\/p>\r\n\r\n  <h2>7) Z\u00e1vere\u010dn\u00e9 ustanovenia<\/h2>\r\n  <p>Podmienky sa riadia pr\u00e1vnym poriadkom SR. M\u00f4\u017eu by\u0165 kedyko\u013evek aktualizovan\u00e9 \u2013 aktu\u00e1lne znenie bude v\u017edy zverejnen\u00e9 na webovej str\u00e1nke v sekcii \u201cVernostn\u00fd klub\u201d.<\/p>\r\n\r\n  <p class=\"date\">V Bratislave, 09.04.2025<\/p>\t\t<\/div>\n\t\t\t\t<\/div>\n\t\t\t\t\t<\/div>\n\t\t\t\t<\/div>\n\t\t\t\t<\/div>","protected":false},"excerpt":{"rendered":"<p>PODMIENKY POU\u017d\u00cdVANIA Skeeneffect | VERNOSTN\u00dd KLUB ZLIAV 1) V\u0161eobecn\u00e9 ustanovenie Vernostn\u00fd program \u201cSkeen Stars\u201d je odme\u0148ovac\u00ed syst\u00e9m pre z\u00e1kazn\u00edkov internetov\u00e9ho<\/p>","protected":false},"author":1,"featured_media":0,"parent":0,"menu_order":0,"comment_status":"closed","ping_status":"closed","template":"","meta":{"footnotes":""},"class_list":["post-24300","page","type-page","status-publish","hentry"],"yoast_head":"<!-- This site is optimized with the Yoast SEO plugin v27.3 - https:\/\/yoast.com\/product\/yoast-seo-wordpress\/ -->\n<title>Podmienky pou\u017e\u00edvania - Skeeneffect<\/title>\n<meta name=\"robots\" content=\"index, follow, max-snippet:-1, max-image-preview:large, max-video-preview:-1\" \/>\n<link rel=\"canonical\" href=\"https:\/\/skeeneffect.sk\/en\/podmienky-pouzivania\/\" \/>\n<meta property=\"og:locale\" content=\"en_GB\" \/>\n<meta property=\"og:type\" content=\"article\" \/>\n<meta property=\"og:title\" content=\"Podmienky pou\u017e\u00edvania - Skeeneffect\" \/>\n<meta property=\"og:description\" content=\"PODMIENKY POU\u017d\u00cdVANIA Skeeneffect | VERNOSTN\u00dd KLUB ZLIAV 1) V\u0161eobecn\u00e9 ustanovenie Vernostn\u00fd program \u201cSkeen Stars\u201d je odme\u0148ovac\u00ed syst\u00e9m pre z\u00e1kazn\u00edkov internetov\u00e9ho\" \/>\n<meta property=\"og:url\" content=\"https:\/\/skeeneffect.sk\/en\/podmienky-pouzivania\/\" \/>\n<meta property=\"og:site_name\" content=\"Skeeneffect\" \/>\n<meta property=\"article:publisher\" content=\"https:\/\/www.facebook.com\/skeeneffect\" \/>\n<meta property=\"article:modified_time\" content=\"2026-02-11T10:07:43+00:00\" \/>\n<meta name=\"twitter:card\" content=\"summary_large_image\" \/>\n<meta name=\"twitter:label1\" content=\"Estimated reading time\" \/>\n\t<meta name=\"twitter:data1\" content=\"2 minutes\" \/>\n<script type=\"application\/ld+json\" class=\"yoast-schema-graph\">{\"@context\":\"https:\\\/\\\/schema.org\",\"@graph\":[{\"@type\":\"WebPage\",\"@id\":\"https:\\\/\\\/skeeneffect.sk\\\/podmienky-pouzivania\\\/\",\"url\":\"https:\\\/\\\/skeeneffect.sk\\\/podmienky-pouzivania\\\/\",\"name\":\"Podmienky pou\u017e\u00edvania - Skeeneffect\",\"isPartOf\":{\"@id\":\"https:\\\/\\\/skeeneffect.sk\\\/#website\"},\"datePublished\":\"2025-04-10T10:57:12+00:00\",\"dateModified\":\"2026-02-11T10:07:43+00:00\",\"breadcrumb\":{\"@id\":\"https:\\\/\\\/skeeneffect.sk\\\/podmienky-pouzivania\\\/#breadcrumb\"},\"inLanguage\":\"en-GB\",\"potentialAction\":[{\"@type\":\"ReadAction\",\"target\":[\"https:\\\/\\\/skeeneffect.sk\\\/podmienky-pouzivania\\\/\"]}]},{\"@type\":\"BreadcrumbList\",\"@id\":\"https:\\\/\\\/skeeneffect.sk\\\/podmienky-pouzivania\\\/#breadcrumb\",\"itemListElement\":[{\"@type\":\"ListItem\",\"position\":1,\"name\":\"Home\",\"item\":\"https:\\\/\\\/skeeneffect.sk\\\/\"},{\"@type\":\"ListItem\",\"position\":2,\"name\":\"Podmienky pou\u017e\u00edvania\"}]},{\"@type\":\"WebSite\",\"@id\":\"https:\\\/\\\/skeeneffect.sk\\\/#website\",\"url\":\"https:\\\/\\\/skeeneffect.sk\\\/\",\"name\":\"Skeeneffect\",\"description\":\"Mlados\u0165 nikdy nekon\u010d\u00ed !\",\"publisher\":{\"@id\":\"https:\\\/\\\/skeeneffect.sk\\\/#organization\"},\"potentialAction\":[{\"@type\":\"SearchAction\",\"target\":{\"@type\":\"EntryPoint\",\"urlTemplate\":\"https:\\\/\\\/skeeneffect.sk\\\/?s={search_term_string}\"},\"query-input\":{\"@type\":\"PropertyValueSpecification\",\"valueRequired\":true,\"valueName\":\"search_term_string\"}}],\"inLanguage\":\"en-GB\"},{\"@type\":\"Organization\",\"@id\":\"https:\\\/\\\/skeeneffect.sk\\\/#organization\",\"name\":\"Skeeneffect\",\"url\":\"https:\\\/\\\/skeeneffect.sk\\\/\",\"logo\":{\"@type\":\"ImageObject\",\"inLanguage\":\"en-GB\",\"@id\":\"https:\\\/\\\/skeeneffect.sk\\\/#\\\/schema\\\/logo\\\/image\\\/\",\"url\":\"https:\\\/\\\/skeeneffect.sk\\\/wp-content\\\/uploads\\\/2023\\\/09\\\/Skeeneffect-favicon.png\",\"contentUrl\":\"https:\\\/\\\/skeeneffect.sk\\\/wp-content\\\/uploads\\\/2023\\\/09\\\/Skeeneffect-favicon.png\",\"width\":1000,\"height\":1000,\"caption\":\"Skeeneffect\"},\"image\":{\"@id\":\"https:\\\/\\\/skeeneffect.sk\\\/#\\\/schema\\\/logo\\\/image\\\/\"},\"sameAs\":[\"https:\\\/\\\/www.facebook.com\\\/skeeneffect\",\"https:\\\/\\\/www.instagram.com\\\/skeeneffect\\\/\"]}]}<\/script>\n<!-- \/ Yoast SEO plugin. -->","yoast_head_json":{"title":"Podmienky pou\u017e\u00edvania - Skeeneffect","robots":{"index":"index","follow":"follow","max-snippet":"max-snippet:-1","max-image-preview":"max-image-preview:large","max-video-preview":"max-video-preview:-1"},"canonical":"https:\/\/skeeneffect.sk\/en\/podmienky-pouzivania\/","og_locale":"en_GB","og_type":"article","og_title":"Podmienky pou\u017e\u00edvania - Skeeneffect","og_description":"PODMIENKY POU\u017d\u00cdVANIA Skeeneffect | VERNOSTN\u00dd KLUB ZLIAV 1) V\u0161eobecn\u00e9 ustanovenie Vernostn\u00fd program \u201cSkeen Stars\u201d je odme\u0148ovac\u00ed syst\u00e9m pre z\u00e1kazn\u00edkov internetov\u00e9ho","og_url":"https:\/\/skeeneffect.sk\/en\/podmienky-pouzivania\/","og_site_name":"Skeeneffect","article_publisher":"https:\/\/www.facebook.com\/skeeneffect","article_modified_time":"2026-02-11T10:07:43+00:00","twitter_card":"summary_large_image","twitter_misc":{"Estimated reading time":"2 minutes"},"schema":{"@context":"https:\/\/schema.org","@graph":[{"@type":"WebPage","@id":"https:\/\/skeeneffect.sk\/podmienky-pouzivania\/","url":"https:\/\/skeeneffect.sk\/podmienky-pouzivania\/","name":"Podmienky pou\u017e\u00edvania - Skeeneffect","isPartOf":{"@id":"https:\/\/skeeneffect.sk\/#website"},"datePublished":"2025-04-10T10:57:12+00:00","dateModified":"2026-02-11T10:07:43+00:00","breadcrumb":{"@id":"https:\/\/skeeneffect.sk\/podmienky-pouzivania\/#breadcrumb"},"inLanguage":"en-GB","potentialAction":[{"@type":"ReadAction","target":["https:\/\/skeeneffect.sk\/podmienky-pouzivania\/"]}]},{"@type":"BreadcrumbList","@id":"https:\/\/skeeneffect.sk\/podmienky-pouzivania\/#breadcrumb","itemListElement":[{"@type":"ListItem","position":1,"name":"Home","item":"https:\/\/skeeneffect.sk\/"},{"@type":"ListItem","position":2,"name":"Podmienky pou\u017e\u00edvania"}]},{"@type":"WebSite","@id":"https:\/\/skeeneffect.sk\/#website","url":"https:\/\/skeeneffect.sk\/","name":"Natural Metabolic Health","description":"Mlados\u0165 nikdy nekon\u010d\u00ed !","publisher":{"@id":"https:\/\/skeeneffect.sk\/#organization"},"potentialAction":[{"@type":"SearchAction","target":{"@type":"EntryPoint","urlTemplate":"https:\/\/skeeneffect.sk\/?s={search_term_string}"},"query-input":{"@type":"PropertyValueSpecification","valueRequired":true,"valueName":"search_term_string"}}],"inLanguage":"en-GB"},{"@type":"Organization","@id":"https:\/\/skeeneffect.sk\/#organization","name":"Natural Metabolic Health","url":"https:\/\/skeeneffect.sk\/","logo":{"@type":"ImageObject","inLanguage":"en-GB","@id":"https:\/\/skeeneffect.sk\/#\/schema\/logo\/image\/","url":"https:\/\/skeeneffect.sk\/wp-content\/uploads\/2023\/09\/Skeeneffect-favicon.png","contentUrl":"https:\/\/skeeneffect.sk\/wp-content\/uploads\/2023\/09\/Skeeneffect-favicon.png","width":1000,"height":1000,"caption":"Skeeneffect"},"image":{"@id":"https:\/\/skeeneffect.sk\/#\/schema\/logo\/image\/"},"sameAs":["https:\/\/www.facebook.com\/skeeneffect","https:\/\/www.instagram.com\/skeeneffect\/"]}]}},"_links":{"self":[{"href":"https:\/\/skeeneffect.sk\/en\/wp-json\/wp\/v2\/pages\/24300","targetHints":{"allow":["GET"]}}],"collection":[{"href":"https:\/\/skeeneffect.sk\/en\/wp-json\/wp\/v2\/pages"}],"about":[{"href":"https:\/\/skeeneffect.sk\/en\/wp-json\/wp\/v2\/types\/page"}],"author":[{"embeddable":true,"href":"https:\/\/skeeneffect.sk\/en\/wp-json\/wp\/v2\/users\/1"}],"replies":[{"embeddable":true,"href":"https:\/\/skeeneffect.sk\/en\/wp-json\/wp\/v2\/comments?post=24300"}],"version-history":[{"count":16,"href":"https:\/\/skeeneffect.sk\/en\/wp-json\/wp\/v2\/pages\/24300\/revisions"}],"predecessor-version":[{"id":25706,"href":"https:\/\/skeeneffect.sk\/en\/wp-json\/wp\/v2\/pages\/24300\/revisions\/25706"}],"wp:attachment":[{"href":"https:\/\/skeeneffect.sk\/en\/wp-json\/wp\/v2\/media?parent=24300"}],"curies":[{"name":"wp","href":"https:\/\/api.w.org\/{rel}","templated":true}]}}