{"id":13,"date":"2023-07-13T15:58:12","date_gmt":"2023-07-13T13:58:12","guid":{"rendered":"https:\/\/skeeneffect.sk\/my-account\/"},"modified":"2023-10-18T16:45:40","modified_gmt":"2023-10-18T14:45:40","slug":"ucet","status":"publish","type":"page","link":"https:\/\/skeeneffect.sk\/en\/ucet\/","title":{"rendered":"Account"},"content":{"rendered":"<div data-elementor-type=\"wp-page\" data-elementor-id=\"13\" class=\"elementor elementor-13\">\n\t\t\t\t<div class=\"elementor-element elementor-element-555a76e5 e-flex e-con-boxed wd-section-disabled e-con e-parent\" data-id=\"555a76e5\" data-element_type=\"container\" data-settings=\"{&quot;_ob_use_container_extras&quot;:&quot;no&quot;,&quot;_ob_column_hoveranimator&quot;:&quot;no&quot;,&quot;_ob_glider_is_slider&quot;:&quot;no&quot;,&quot;_ob_column_has_pseudo&quot;:&quot;no&quot;}\">\n\t\t\t\t\t<div class=\"e-con-inner\">\n\t\t\t\t<div class=\"elementor-element elementor-element-bb52c1 color-scheme-inherit ob-harakiri-inherit text-left ob-has-background-overlay elementor-widget elementor-widget-text-editor\" data-id=\"bb52c1\" data-element_type=\"widget\" data-settings=\"{&quot;_ob_use_harakiri&quot;:&quot;yes&quot;,&quot;_ob_harakiri_writing_mode&quot;:&quot;inherit&quot;,&quot;_ob_postman_use&quot;:&quot;no&quot;,&quot;_ob_widget_stalker_use&quot;:&quot;no&quot;,&quot;_ob_poopart_use&quot;:&quot;yes&quot;,&quot;_ob_shadough_use&quot;:&quot;no&quot;,&quot;_ob_allow_hoveranimator&quot;:&quot;no&quot;}\" data-widget_type=\"text-editor.default\">\n\t\t\t\t<div class=\"elementor-widget-container\">\n\t\t\t\t\t\t\t<!-- wp:shortcode -->\n<div class=\"woocommerce\"><div class=\"woocommerce-notices-wrapper\"><\/div>\n<div class=\"wd-registration-page wd-register-tabs\">\n\n\n<div class=\"row\" id=\"customer_login\">\n\n\t<div class=\"col-12 col-md-6 col-login\">\n\n\n\t\t<h2 class=\"wd-login-title\" data-no-translation=\"\" data-trp-gettext=\"\">Login<\/h2>\n\n\t\t\t\t\t<form method=\"post\" class=\"login woocommerce-form woocommerce-form-login\" action=\"https:\/\/skeeneffect.sk\/en\/ucet\/?action=login\" data-trp-original-action=\"https:\/\/skeeneffect.sk\/en\/ucet\/?action=login\" \t\t\t>\n\n\t\t\t\t\n\t\t\t\t\n\t\t\t\t<p class=\"woocommerce-FormRow woocommerce-FormRow--wide form-row form-row-wide form-row-username\">\n\t\t\t\t\t<label for=\"username\">Username or email address&nbsp;<span class=\"required\">*<\/span><\/label>\n\t\t\t\t\t<input type=\"text\" class=\"woocommerce-Input woocommerce-Input--text input-text\" name=\"username\" id=\"username\" value=\"\" \/>\t\t\t\t<\/p>\n\t\t\t\t<p class=\"woocommerce-FormRow woocommerce-FormRow--wide form-row form-row-wide form-row-password\">\n\t\t\t\t\t<label for=\"password\">Password&nbsp;<span class=\"required\">*<\/span><\/label>\n\t\t\t\t\t<input class=\"woocommerce-Input woocommerce-Input--text input-text\" type=\"password\" name=\"password\" id=\"password\" autocomplete=\"current-password\" \/>\n\t\t\t\t<\/p>\n\n\t\t\t\t\n\t\t\t\t<p class=\"form-row\">\n\t\t\t\t\t<input type=\"hidden\" id=\"woocommerce-login-nonce\" name=\"woocommerce-login-nonce\" value=\"b1ba7c4f42\" \/><input type=\"hidden\" name=\"_wp_http_referer\" value=\"\/en\/wp-json\/wp\/v2\/pages\/13\" \/>\t\t\t\t\t\t\t\t\t\t<button type=\"submit\" class=\"button woocommerce-button woocommerce-form-login__submit\" name=\"login\" value=\"Log in\">Log in<\/button>\n\t\t\t\t<\/p>\n\n\t\t\t\t<p class=\"login-form-footer\">\n\t\t\t\t\t<a href=\"https:\/\/skeeneffect.sk\/en\/ucet\/lost-password\/\" class=\"woocommerce-LostPassword lost_password\">Lost your password?<\/a>\n\t\t\t\t\t<label class=\"woocommerce-form__label woocommerce-form__label-for-checkbox woocommerce-form-login__rememberme\">\n\t\t\t\t\t\t<input class=\"woocommerce-form__input woocommerce-form__input-checkbox\" name=\"rememberme\" type=\"checkbox\" value=\"forever\" title=\"Remember me\" aria-label=\"Remember me\" \/> <span>Remember me<\/span>\n\t\t\t\t\t<\/label>\n\t\t\t\t<\/p>\n\n\t\t\t\t\n\t\t\t\t\t\t\t<input type=\"hidden\" name=\"trp-form-language\" value=\"en\"\/><\/form>\n\n\t\t\t\t\n\n\t<\/div>\n\n\t<div class=\"col-12 col-md-6 col-register\">\n\n\t\t<h2 class=\"wd-login-title\" data-no-translation=\"\" data-trp-gettext=\"\">Register<\/h2>\n\n\t\t<form method=\"post\" action=\"https:\/\/skeeneffect.sk\/en\/ucet\/?action=register\" class=\"woocommerce-form woocommerce-form-register register\" data-trp-original-action=\"https:\/\/skeeneffect.sk\/en\/ucet\/?action=register\"  >\n\n\t\t\t\n\t\t\t\n\t\t\t<p class=\"woocommerce-FormRow woocommerce-FormRow--wide form-row form-row-wide\">\n\t\t\t\t<label for=\"reg_email\">Email address&nbsp;<span class=\"required\">*<\/span><\/label>\n\t\t\t\t<input type=\"email\" class=\"woocommerce-Input woocommerce-Input--text input-text\" name=\"email\" id=\"reg_email\" autocomplete=\"email\" value=\"\" \/>\n\t\t\t<\/p>\n\n\t\t\t\n\t\t\t\t<p data-no-translation=\"\" data-trp-gettext=\"\">A link to set a new password will be sent to your email address.<\/p>\n\n\t\t\t\n\t\t\t<!-- Spam Trap -->\n\t\t\t<div style=\"left: -999em; position: absolute;\"><label for=\"trap\" data-no-translation=\"\" data-trp-gettext=\"\">Anti-spam<\/label><input type=\"text\" name=\"email_2\" id=\"trap\" tabindex=\"-1\" \/><\/div>\n\n\t\t\t<span class=\"wlr-signup-message\">Zaregistrujte sa a z\u00edskajte 20 bodov!<\/span><br \/><wc-order-attribution-inputs><\/wc-order-attribution-inputs><div class=\"woocommerce-privacy-policy-text\"><\/div>\t\t\t\n\t\t\t<p class=\"woocommerce-form-row form-row\">\n\t\t\t\t<input type=\"hidden\" id=\"_wpnonce\" name=\"_wpnonce\" value=\"78d6682a48\" \/><input type=\"hidden\" name=\"_wp_http_referer\" value=\"\/en\/wp-json\/wp\/v2\/pages\/13\" \/>\t\t\t\t<button type=\"submit\" class=\"woocommerce-Button button\" name=\"register\" value=\"Register\" data-no-translation=\"\" data-trp-gettext=\"\" data-no-translation-value=\"\">Register<\/button>\n\t\t\t<\/p>\n\n\t\t\t\n\t\t<input type=\"hidden\" name=\"trp-form-language\" value=\"en\"\/><\/form>\n\n\t<\/div>\n\n\t\t\t<div class=\"col-12 col-md-6 col-register-text\">\n\n\t\t\t<p class=\"title wd-login-divider\"><span>Or<\/span><\/p>\n\n\t\t\t\n\t\t\t\t\t\t\t<h2 class=\"wd-login-title\">Registration<\/h2>\n\t\t\t\n\t\t\t\n\t\t\t\t\t\t\t<div class=\"registration-info\">Registering on this page will give you access to your order status and history.  Just fill in the fields below.  We will only ask you for the information necessary to speed up and simplify the purchase process.<\/div>\n\t\t\t\n\t\t\t\n\t\t\t<a href=\"#\" rel=\"nofollow noopener\" class=\"btn wd-switch-to-register\" data-login=\"Login\" data-login-title=\"Prihl\u00e1senie\" data-reg-title=\"Registr\u00e1cia\" data-register=\"Register\" data-no-translation=\"\" data-trp-gettext=\"\" data-no-translation-data-login=\"\" data-no-translation-data-register=\"\">Register<\/a>\n\n\t\t<\/div>\n\t\t\n<\/div>\n\n<\/div>\n\n<\/div>\n<!-- \/wp:shortcode -->\t\t\t\t\t\t<\/div>\n\t\t\t\t<\/div>\n\t\t\t\t\t<\/div>\n\t\t\t\t<\/div>\n\t\t\t\t<\/div>","protected":false},"excerpt":{"rendered":"","protected":false},"author":1,"featured_media":0,"parent":0,"menu_order":0,"comment_status":"closed","ping_status":"closed","template":"","meta":{"footnotes":""},"class_list":["post-13","page","type-page","status-publish","hentry"],"yoast_head":"<!-- This site is optimized with the Yoast SEO plugin v27.3 - https:\/\/yoast.com\/product\/yoast-seo-wordpress\/ -->\n<title>\u00da\u010det - Skeeneffect<\/title>\n<meta name=\"robots\" content=\"index, follow, max-snippet:-1, max-image-preview:large, max-video-preview:-1\" \/>\n<link rel=\"canonical\" href=\"https:\/\/skeeneffect.sk\/en\/ucet\/\" \/>\n<meta property=\"og:locale\" content=\"en_GB\" \/>\n<meta property=\"og:type\" content=\"article\" \/>\n<meta property=\"og:title\" content=\"\u00da\u010det - Skeeneffect\" \/>\n<meta property=\"og:url\" content=\"https:\/\/skeeneffect.sk\/en\/ucet\/\" \/>\n<meta property=\"og:site_name\" content=\"Skeeneffect\" \/>\n<meta property=\"article:publisher\" content=\"https:\/\/www.facebook.com\/skeeneffect\" \/>\n<meta property=\"article:modified_time\" content=\"2023-10-18T14:45:40+00:00\" \/>\n<meta name=\"twitter:card\" content=\"summary_large_image\" \/>\n<script type=\"application\/ld+json\" class=\"yoast-schema-graph\">{\"@context\":\"https:\\\/\\\/schema.org\",\"@graph\":[{\"@type\":\"WebPage\",\"@id\":\"https:\\\/\\\/skeeneffect.sk\\\/ucet\\\/\",\"url\":\"https:\\\/\\\/skeeneffect.sk\\\/ucet\\\/\",\"name\":\"\u00da\u010det - Skeeneffect\",\"isPartOf\":{\"@id\":\"https:\\\/\\\/skeeneffect.sk\\\/#website\"},\"datePublished\":\"2023-07-13T13:58:12+00:00\",\"dateModified\":\"2023-10-18T14:45:40+00:00\",\"breadcrumb\":{\"@id\":\"https:\\\/\\\/skeeneffect.sk\\\/ucet\\\/#breadcrumb\"},\"inLanguage\":\"en-GB\",\"potentialAction\":[{\"@type\":\"ReadAction\",\"target\":[\"https:\\\/\\\/skeeneffect.sk\\\/ucet\\\/\"]}]},{\"@type\":\"BreadcrumbList\",\"@id\":\"https:\\\/\\\/skeeneffect.sk\\\/ucet\\\/#breadcrumb\",\"itemListElement\":[{\"@type\":\"ListItem\",\"position\":1,\"name\":\"Home\",\"item\":\"https:\\\/\\\/skeeneffect.sk\\\/\"},{\"@type\":\"ListItem\",\"position\":2,\"name\":\"\u00da\u010det\"}]},{\"@type\":\"WebSite\",\"@id\":\"https:\\\/\\\/skeeneffect.sk\\\/#website\",\"url\":\"https:\\\/\\\/skeeneffect.sk\\\/\",\"name\":\"Skeeneffect\",\"description\":\"Mlados\u0165 nikdy nekon\u010d\u00ed !\",\"publisher\":{\"@id\":\"https:\\\/\\\/skeeneffect.sk\\\/#organization\"},\"potentialAction\":[{\"@type\":\"SearchAction\",\"target\":{\"@type\":\"EntryPoint\",\"urlTemplate\":\"https:\\\/\\\/skeeneffect.sk\\\/?s={search_term_string}\"},\"query-input\":{\"@type\":\"PropertyValueSpecification\",\"valueRequired\":true,\"valueName\":\"search_term_string\"}}],\"inLanguage\":\"en-GB\"},{\"@type\":\"Organization\",\"@id\":\"https:\\\/\\\/skeeneffect.sk\\\/#organization\",\"name\":\"Skeeneffect\",\"url\":\"https:\\\/\\\/skeeneffect.sk\\\/\",\"logo\":{\"@type\":\"ImageObject\",\"inLanguage\":\"en-GB\",\"@id\":\"https:\\\/\\\/skeeneffect.sk\\\/#\\\/schema\\\/logo\\\/image\\\/\",\"url\":\"https:\\\/\\\/skeeneffect.sk\\\/wp-content\\\/uploads\\\/2023\\\/09\\\/Skeeneffect-favicon.png\",\"contentUrl\":\"https:\\\/\\\/skeeneffect.sk\\\/wp-content\\\/uploads\\\/2023\\\/09\\\/Skeeneffect-favicon.png\",\"width\":1000,\"height\":1000,\"caption\":\"Skeeneffect\"},\"image\":{\"@id\":\"https:\\\/\\\/skeeneffect.sk\\\/#\\\/schema\\\/logo\\\/image\\\/\"},\"sameAs\":[\"https:\\\/\\\/www.facebook.com\\\/skeeneffect\",\"https:\\\/\\\/www.instagram.com\\\/skeeneffect\\\/\"]}]}<\/script>\n<!-- \/ Yoast SEO plugin. -->","yoast_head_json":{"title":"\u00da\u010det - Skeeneffect","robots":{"index":"index","follow":"follow","max-snippet":"max-snippet:-1","max-image-preview":"max-image-preview:large","max-video-preview":"max-video-preview:-1"},"canonical":"https:\/\/skeeneffect.sk\/en\/ucet\/","og_locale":"en_GB","og_type":"article","og_title":"\u00da\u010det - Skeeneffect","og_url":"https:\/\/skeeneffect.sk\/en\/ucet\/","og_site_name":"Skeeneffect","article_publisher":"https:\/\/www.facebook.com\/skeeneffect","article_modified_time":"2023-10-18T14:45:40+00:00","twitter_card":"summary_large_image","schema":{"@context":"https:\/\/schema.org","@graph":[{"@type":"WebPage","@id":"https:\/\/skeeneffect.sk\/ucet\/","url":"https:\/\/skeeneffect.sk\/ucet\/","name":"\u00da\u010det - Skeeneffect","isPartOf":{"@id":"https:\/\/skeeneffect.sk\/#website"},"datePublished":"2023-07-13T13:58:12+00:00","dateModified":"2023-10-18T14:45:40+00:00","breadcrumb":{"@id":"https:\/\/skeeneffect.sk\/ucet\/#breadcrumb"},"inLanguage":"en-GB","potentialAction":[{"@type":"ReadAction","target":["https:\/\/skeeneffect.sk\/ucet\/"]}]},{"@type":"BreadcrumbList","@id":"https:\/\/skeeneffect.sk\/ucet\/#breadcrumb","itemListElement":[{"@type":"ListItem","position":1,"name":"Home","item":"https:\/\/skeeneffect.sk\/"},{"@type":"ListItem","position":2,"name":"\u00da\u010det"}]},{"@type":"WebSite","@id":"https:\/\/skeeneffect.sk\/#website","url":"https:\/\/skeeneffect.sk\/","name":"Natural Metabolic Health","description":"Mlados\u0165 nikdy nekon\u010d\u00ed !","publisher":{"@id":"https:\/\/skeeneffect.sk\/#organization"},"potentialAction":[{"@type":"SearchAction","target":{"@type":"EntryPoint","urlTemplate":"https:\/\/skeeneffect.sk\/?s={search_term_string}"},"query-input":{"@type":"PropertyValueSpecification","valueRequired":true,"valueName":"search_term_string"}}],"inLanguage":"en-GB"},{"@type":"Organization","@id":"https:\/\/skeeneffect.sk\/#organization","name":"Natural Metabolic Health","url":"https:\/\/skeeneffect.sk\/","logo":{"@type":"ImageObject","inLanguage":"en-GB","@id":"https:\/\/skeeneffect.sk\/#\/schema\/logo\/image\/","url":"https:\/\/skeeneffect.sk\/wp-content\/uploads\/2023\/09\/Skeeneffect-favicon.png","contentUrl":"https:\/\/skeeneffect.sk\/wp-content\/uploads\/2023\/09\/Skeeneffect-favicon.png","width":1000,"height":1000,"caption":"Skeeneffect"},"image":{"@id":"https:\/\/skeeneffect.sk\/#\/schema\/logo\/image\/"},"sameAs":["https:\/\/www.facebook.com\/skeeneffect","https:\/\/www.instagram.com\/skeeneffect\/"]}]}},"_links":{"self":[{"href":"https:\/\/skeeneffect.sk\/en\/wp-json\/wp\/v2\/pages\/13","targetHints":{"allow":["GET"]}}],"collection":[{"href":"https:\/\/skeeneffect.sk\/en\/wp-json\/wp\/v2\/pages"}],"about":[{"href":"https:\/\/skeeneffect.sk\/en\/wp-json\/wp\/v2\/types\/page"}],"author":[{"embeddable":true,"href":"https:\/\/skeeneffect.sk\/en\/wp-json\/wp\/v2\/users\/1"}],"replies":[{"embeddable":true,"href":"https:\/\/skeeneffect.sk\/en\/wp-json\/wp\/v2\/comments?post=13"}],"version-history":[{"count":4,"href":"https:\/\/skeeneffect.sk\/en\/wp-json\/wp\/v2\/pages\/13\/revisions"}],"predecessor-version":[{"id":19913,"href":"https:\/\/skeeneffect.sk\/en\/wp-json\/wp\/v2\/pages\/13\/revisions\/19913"}],"wp:attachment":[{"href":"https:\/\/skeeneffect.sk\/en\/wp-json\/wp\/v2\/media?parent=13"}],"curies":[{"name":"wp","href":"https:\/\/api.w.org\/{rel}","templated":true}]}}