{"id":11,"date":"2023-07-13T15:58:12","date_gmt":"2023-07-13T13:58:12","guid":{"rendered":"https:\/\/skeeneffect.sk\/cart\/"},"modified":"2024-11-28T17:47:13","modified_gmt":"2024-11-28T16:47:13","slug":"kosik","status":"publish","type":"page","link":"https:\/\/skeeneffect.sk\/en\/kosik\/","title":{"rendered":"Ko\u0161\u00edk"},"content":{"rendered":"<div class=\"woocommerce\"><div class=\"woocommerce-notices-wrapper\"><\/div><div class=\"wc-empty-cart-message\">\n\t<div class=\"cart-empty woocommerce-info\">\n\t\tYour basket is currently empty.\t<\/div>\n<\/div>\t\t<p class=\"cart-empty wd-empty-page\">\n\t\t\tYour basket is currently empty.\t\t<\/p>\n\t\t\t\t\t\t<div class=\"wd-empty-page-text\">\n\t\t\t\tPred prechodom k pokladni mus\u00edte do n\u00e1kupn\u00e9ho ko\u0161\u00edka prida\u0165 nejak\u00e9 produkty.<br> Na na\u0161ej str\u00e1nke \"Na\u0161e produkty\" n\u00e1jdete mno\u017estvo zauj\u00edmav\u00fdch produktov.\t\t\t<\/div>\n\t\t\t\t<p class=\"return-to-shop\">\n\t\t<a class=\"button wc-backward\" href=\"https:\/\/skeeneffect.sk\/en\/shop\/\">\n\t\t\tReturn to shop\t\t<\/a>\n\t<\/p>\n<\/div>","protected":false},"excerpt":{"rendered":"","protected":false},"author":1,"featured_media":0,"parent":0,"menu_order":0,"comment_status":"closed","ping_status":"closed","template":"","meta":{"footnotes":""},"class_list":["post-11","page","type-page","status-publish","hentry"],"yoast_head":"<!-- This site is optimized with the Yoast SEO plugin v27.3 - https:\/\/yoast.com\/product\/yoast-seo-wordpress\/ -->\n<title>Ko\u0161\u00edk - Skeeneffect<\/title>\n<meta name=\"robots\" content=\"index, follow, max-snippet:-1, max-image-preview:large, max-video-preview:-1\" \/>\n<link rel=\"canonical\" href=\"https:\/\/skeeneffect.sk\/en\/kosik\/\" \/>\n<meta property=\"og:locale\" content=\"en_GB\" \/>\n<meta property=\"og:type\" content=\"article\" \/>\n<meta property=\"og:title\" content=\"Ko\u0161\u00edk - Skeeneffect\" \/>\n<meta property=\"og:url\" content=\"https:\/\/skeeneffect.sk\/en\/kosik\/\" \/>\n<meta property=\"og:site_name\" content=\"Skeeneffect\" \/>\n<meta property=\"article:publisher\" content=\"https:\/\/www.facebook.com\/skeeneffect\" \/>\n<meta property=\"article:modified_time\" content=\"2024-11-28T16:47:13+00:00\" \/>\n<meta name=\"twitter:card\" content=\"summary_large_image\" \/>\n<meta name=\"twitter:label1\" content=\"Estimated reading time\" \/>\n\t<meta name=\"twitter:data1\" content=\"1 minute\" \/>\n<script type=\"application\/ld+json\" class=\"yoast-schema-graph\">{\"@context\":\"https:\\\/\\\/schema.org\",\"@graph\":[{\"@type\":\"WebPage\",\"@id\":\"https:\\\/\\\/skeeneffect.sk\\\/kosik\\\/\",\"url\":\"https:\\\/\\\/skeeneffect.sk\\\/kosik\\\/\",\"name\":\"Ko\u0161\u00edk - Skeeneffect\",\"isPartOf\":{\"@id\":\"https:\\\/\\\/skeeneffect.sk\\\/#website\"},\"datePublished\":\"2023-07-13T13:58:12+00:00\",\"dateModified\":\"2024-11-28T16:47:13+00:00\",\"breadcrumb\":{\"@id\":\"https:\\\/\\\/skeeneffect.sk\\\/kosik\\\/#breadcrumb\"},\"inLanguage\":\"en-GB\",\"potentialAction\":[{\"@type\":\"ReadAction\",\"target\":[\"https:\\\/\\\/skeeneffect.sk\\\/kosik\\\/\"]}]},{\"@type\":\"BreadcrumbList\",\"@id\":\"https:\\\/\\\/skeeneffect.sk\\\/kosik\\\/#breadcrumb\",\"itemListElement\":[{\"@type\":\"ListItem\",\"position\":1,\"name\":\"Home\",\"item\":\"https:\\\/\\\/skeeneffect.sk\\\/\"},{\"@type\":\"ListItem\",\"position\":2,\"name\":\"Ko\u0161\u00edk\"}]},{\"@type\":\"WebSite\",\"@id\":\"https:\\\/\\\/skeeneffect.sk\\\/#website\",\"url\":\"https:\\\/\\\/skeeneffect.sk\\\/\",\"name\":\"Skeeneffect\",\"description\":\"Mlados\u0165 nikdy nekon\u010d\u00ed !\",\"publisher\":{\"@id\":\"https:\\\/\\\/skeeneffect.sk\\\/#organization\"},\"potentialAction\":[{\"@type\":\"SearchAction\",\"target\":{\"@type\":\"EntryPoint\",\"urlTemplate\":\"https:\\\/\\\/skeeneffect.sk\\\/?s={search_term_string}\"},\"query-input\":{\"@type\":\"PropertyValueSpecification\",\"valueRequired\":true,\"valueName\":\"search_term_string\"}}],\"inLanguage\":\"en-GB\"},{\"@type\":\"Organization\",\"@id\":\"https:\\\/\\\/skeeneffect.sk\\\/#organization\",\"name\":\"Skeeneffect\",\"url\":\"https:\\\/\\\/skeeneffect.sk\\\/\",\"logo\":{\"@type\":\"ImageObject\",\"inLanguage\":\"en-GB\",\"@id\":\"https:\\\/\\\/skeeneffect.sk\\\/#\\\/schema\\\/logo\\\/image\\\/\",\"url\":\"https:\\\/\\\/skeeneffect.sk\\\/wp-content\\\/uploads\\\/2023\\\/09\\\/Skeeneffect-favicon.png\",\"contentUrl\":\"https:\\\/\\\/skeeneffect.sk\\\/wp-content\\\/uploads\\\/2023\\\/09\\\/Skeeneffect-favicon.png\",\"width\":1000,\"height\":1000,\"caption\":\"Skeeneffect\"},\"image\":{\"@id\":\"https:\\\/\\\/skeeneffect.sk\\\/#\\\/schema\\\/logo\\\/image\\\/\"},\"sameAs\":[\"https:\\\/\\\/www.facebook.com\\\/skeeneffect\",\"https:\\\/\\\/www.instagram.com\\\/skeeneffect\\\/\"]}]}<\/script>\n<!-- \/ Yoast SEO plugin. -->","yoast_head_json":{"title":"Ko\u0161\u00edk - Skeeneffect","robots":{"index":"index","follow":"follow","max-snippet":"max-snippet:-1","max-image-preview":"max-image-preview:large","max-video-preview":"max-video-preview:-1"},"canonical":"https:\/\/skeeneffect.sk\/en\/kosik\/","og_locale":"en_GB","og_type":"article","og_title":"Ko\u0161\u00edk - Skeeneffect","og_url":"https:\/\/skeeneffect.sk\/en\/kosik\/","og_site_name":"Skeeneffect","article_publisher":"https:\/\/www.facebook.com\/skeeneffect","article_modified_time":"2024-11-28T16:47:13+00:00","twitter_card":"summary_large_image","twitter_misc":{"Estimated reading time":"1 minute"},"schema":{"@context":"https:\/\/schema.org","@graph":[{"@type":"WebPage","@id":"https:\/\/skeeneffect.sk\/kosik\/","url":"https:\/\/skeeneffect.sk\/kosik\/","name":"Ko\u0161\u00edk - Skeeneffect","isPartOf":{"@id":"https:\/\/skeeneffect.sk\/#website"},"datePublished":"2023-07-13T13:58:12+00:00","dateModified":"2024-11-28T16:47:13+00:00","breadcrumb":{"@id":"https:\/\/skeeneffect.sk\/kosik\/#breadcrumb"},"inLanguage":"en-GB","potentialAction":[{"@type":"ReadAction","target":["https:\/\/skeeneffect.sk\/kosik\/"]}]},{"@type":"BreadcrumbList","@id":"https:\/\/skeeneffect.sk\/kosik\/#breadcrumb","itemListElement":[{"@type":"ListItem","position":1,"name":"Home","item":"https:\/\/skeeneffect.sk\/"},{"@type":"ListItem","position":2,"name":"Ko\u0161\u00edk"}]},{"@type":"WebSite","@id":"https:\/\/skeeneffect.sk\/#website","url":"https:\/\/skeeneffect.sk\/","name":"Natural Metabolic Health","description":"Mlados\u0165 nikdy nekon\u010d\u00ed !","publisher":{"@id":"https:\/\/skeeneffect.sk\/#organization"},"potentialAction":[{"@type":"SearchAction","target":{"@type":"EntryPoint","urlTemplate":"https:\/\/skeeneffect.sk\/?s={search_term_string}"},"query-input":{"@type":"PropertyValueSpecification","valueRequired":true,"valueName":"search_term_string"}}],"inLanguage":"en-GB"},{"@type":"Organization","@id":"https:\/\/skeeneffect.sk\/#organization","name":"Natural Metabolic Health","url":"https:\/\/skeeneffect.sk\/","logo":{"@type":"ImageObject","inLanguage":"en-GB","@id":"https:\/\/skeeneffect.sk\/#\/schema\/logo\/image\/","url":"https:\/\/skeeneffect.sk\/wp-content\/uploads\/2023\/09\/Skeeneffect-favicon.png","contentUrl":"https:\/\/skeeneffect.sk\/wp-content\/uploads\/2023\/09\/Skeeneffect-favicon.png","width":1000,"height":1000,"caption":"Skeeneffect"},"image":{"@id":"https:\/\/skeeneffect.sk\/#\/schema\/logo\/image\/"},"sameAs":["https:\/\/www.facebook.com\/skeeneffect","https:\/\/www.instagram.com\/skeeneffect\/"]}]}},"_links":{"self":[{"href":"https:\/\/skeeneffect.sk\/en\/wp-json\/wp\/v2\/pages\/11","targetHints":{"allow":["GET"]}}],"collection":[{"href":"https:\/\/skeeneffect.sk\/en\/wp-json\/wp\/v2\/pages"}],"about":[{"href":"https:\/\/skeeneffect.sk\/en\/wp-json\/wp\/v2\/types\/page"}],"author":[{"embeddable":true,"href":"https:\/\/skeeneffect.sk\/en\/wp-json\/wp\/v2\/users\/1"}],"replies":[{"embeddable":true,"href":"https:\/\/skeeneffect.sk\/en\/wp-json\/wp\/v2\/comments?post=11"}],"version-history":[{"count":1,"href":"https:\/\/skeeneffect.sk\/en\/wp-json\/wp\/v2\/pages\/11\/revisions"}],"predecessor-version":[{"id":18145,"href":"https:\/\/skeeneffect.sk\/en\/wp-json\/wp\/v2\/pages\/11\/revisions\/18145"}],"wp:attachment":[{"href":"https:\/\/skeeneffect.sk\/en\/wp-json\/wp\/v2\/media?parent=11"}],"curies":[{"name":"wp","href":"https:\/\/api.w.org\/{rel}","templated":true}]}}